{"id":3,"date":"2024-07-13T02:21:20","date_gmt":"2024-07-13T00:21:20","guid":{"rendered":"https:\/\/bohome.ma\/orbis_agri\/?page_id=3"},"modified":"2024-08-01T15:31:20","modified_gmt":"2024-08-01T13:31:20","slug":"conditions-generales-dutilisation","status":"publish","type":"page","link":"https:\/\/bohome.ma\/orbis_agri\/conditions-generales-dutilisation\/","title":{"rendered":"Conditions g\u00e9n\u00e9rales d\u2019utilisation"},"content":{"rendered":"\t\t<div data-elementor-type=\"wp-page\" data-elementor-id=\"3\" class=\"elementor elementor-3\">\n\t\t\t\t<div class=\"elementor-element elementor-element-26ba05 e-flex e-con-boxed e-con e-parent\" data-id=\"26ba05\" data-element_type=\"container\">\n\t\t\t\t\t<div class=\"e-con-inner\">\n\t\t\t\t<div class=\"elementor-element elementor-element-110c3a44 elementor-widget elementor-widget-text-editor\" data-id=\"110c3a44\" data-element_type=\"widget\" data-widget_type=\"text-editor.default\">\n\t\t\t\t<div class=\"elementor-widget-container\">\n\t\t\t<style>\/*! elementor - v3.23.0 - 05-08-2024 *\/\n.elementor-widget-text-editor.elementor-drop-cap-view-stacked .elementor-drop-cap{background-color:#69727d;color:#fff}.elementor-widget-text-editor.elementor-drop-cap-view-framed .elementor-drop-cap{color:#69727d;border:3px solid;background-color:transparent}.elementor-widget-text-editor:not(.elementor-drop-cap-view-default) .elementor-drop-cap{margin-top:8px}.elementor-widget-text-editor:not(.elementor-drop-cap-view-default) .elementor-drop-cap-letter{width:1em;height:1em}.elementor-widget-text-editor .elementor-drop-cap{float:left;text-align:center;line-height:1;font-size:50px}.elementor-widget-text-editor .elementor-drop-cap-letter{display:inline-block}<\/style>\t\t\t\t<!-- wp:paragraph -->\n<p>Vous \u00eates actuellement connect\u00e9s au site\u00a0\u00ab\u00a0https:\/\/www.orbisagroindustry.ma\u00a0\u00bb qui est \u00e9dit\u00e9 par ORBIS AGRO INDUSTRY. En acc\u00e9dant \u00e0 ce site ou en t\u00e9l\u00e9chargeant des \u00e9l\u00e9ments du site web, vous acceptez d\u2019\u00eatre li\u00e9s par les pr\u00e9sentes conditions g\u00e9n\u00e9rales d\u2019utilisation.<\/p>\n<!-- \/wp:paragraph --><!-- wp:heading {\"level\":3} -->\n<h3 class=\"wp-block-heading\">Pr\u00e9sentation g\u00e9n\u00e9rale<\/h3>\n<!-- \/wp:heading --><!-- wp:paragraph -->\n<p>ORBIS AGRO INDUSTRY, Soci\u00e9t\u00e9 anonyme, au capital de 80.015.000 DH, immatricul\u00e9e au Registre de Commerce de Rabat sous le N\u00b0 68075, dont le si\u00e8ge social est situ\u00e9 \u00e0, 24, Rue Mohamed El Ghazi, Olm Souissi-Rabat \u2013 Maroc, repr\u00e9sent\u00e9e par M. Rida REGUIAI,\u00a0Directeur General.\u00a0\u00a0<\/p>\n<p><!-- \/wp:paragraph --><!-- wp:heading {\"level\":3} --><\/p>\n<h3 class=\"wp-block-heading\">Droit de propri\u00e9t\u00e9<\/h3>\n<p><!-- \/wp:heading --><!-- wp:paragraph --><\/p>\n<p>Tous droits de reproduction et de repr\u00e9sentation sont r\u00e9serv\u00e9s \u00e0 ORBIS AGRO INDUSTRY.<\/p>\n<p><!-- \/wp:paragraph --><!-- wp:paragraph --><\/p>\n<p>Le site\u00a0<a href=\"http:\/\/www.orbisagroindustry.ma\/\">www.orbisagroindustry.ma<\/a>\u00a0constitue une \u0153uvre prot\u00e9g\u00e9e au titre de la propri\u00e9t\u00e9 intellectuelle dont les droits appartiennent \u00e0 ORBIS AGRO INDUSTRY.<\/p>\n<p><!-- \/wp:paragraph --><!-- wp:paragraph --><\/p>\n<p>Les donn\u00e9es et informations figurant sur le site telles que marques, logos, graphismes, photographies, etc. sont \u00e9galement la propri\u00e9t\u00e9 de\u00a0ORBIS AGRO INDUSTRY.\u00a0<\/p>\n<p><!-- \/wp:paragraph --><!-- wp:paragraph --><\/p>\n<p>Toute reproduction ou repr\u00e9sentation partielle ou totale ou plus g\u00e9n\u00e9ralement toute exploitation, non autoris\u00e9e express\u00e9ment, de ce site ou d\u2019un ou plusieurs \u00e9l\u00e9ments divulgu\u00e9s sur ce site, est interdite et peut entra\u00eener des poursuites judiciaires, notamment pour contrefa\u00e7on.<\/p>\n<p><!-- \/wp:paragraph --><!-- wp:paragraph --><\/p>\n<p>Le site ainsi que son contenu sont destin\u00e9s \u00e0 l\u2019usage strictement personnel des internautes et ne peuvent \u00eatre reproduit, ni communiqu\u00e9 \u00e0 des tiers, en tout ou partie, \u00e0 des fins commerciales ou non commerciales.<\/p>\n<p><!-- \/wp:paragraph --><!-- wp:paragraph --><\/p>\n<p>En particulier, les utilisateurs ne sont pas autoris\u00e9s \u00e0 :<\/p>\n<p><!-- \/wp:paragraph --><!-- wp:list --><\/p>\n<ul class=\"wp-block-list\"><!-- wp:list-item -->\n<li>Modifier, d\u00e9sassembler ou arranger ce site, son contenu et\/ou les logiciels y utilis\u00e9s,<\/li>\n<li>Enlever ou tenter d\u2019enlever les mentions copyright et noms des personnes mentionn\u00e9es sur le site,<\/li>\n<li>Cr\u00e9er un lien \u00e0 partir d\u2019une page ou d\u2019un \u00e9l\u00e9ment quelconque d\u2019Internet ou de tout autre r\u00e9seau vers toute image ou notice figurant sur ce site.<\/li>\n<li>Collecter, capter, d\u00e9former ou utiliser des donn\u00e9es auxquelles ils auraient pu avoir acc\u00e8s \u00e0 travers le site.<\/li>\n<!-- \/wp:list-item --><\/ul>\n<p><!-- \/wp:list --><!-- wp:list --><\/p>\n<ul class=\"wp-block-list\"><!-- wp:list-item --><!-- \/wp:list-item --><\/ul>\n<p><!-- \/wp:list --><!-- wp:list --><\/p>\n<ul class=\"wp-block-list\"><!-- wp:list-item --><!-- \/wp:list-item --><\/ul>\n<p><!-- \/wp:list --><!-- wp:list --><\/p>\n<ul class=\"wp-block-list\"><!-- wp:list-item --><!-- \/wp:list-item --><\/ul>\n<p><!-- \/wp:list --><!-- wp:paragraph --><\/p>\n<p>L\u2019utilisateur assume toutes les cons\u00e9quences pouvant r\u00e9sulter de sa connexion au pr\u00e9sent site, il reconna\u00eet disposer de la comp\u00e9tence et des moyens n\u00e9cessaires pour acc\u00e9der et utiliser ce site.<\/p>\n<p><!-- \/wp:paragraph --><!-- wp:heading {\"level\":3} --><\/p>\n<h3 class=\"wp-block-heading\">Utilisation et contenu<\/h3>\n<p><!-- \/wp:heading --><!-- wp:paragraph --><\/p>\n<p>Le site de ORBIS AGRO INDUSTRY est publi\u00e9 \u00e0 partir du Maroc. Les produits et services pr\u00e9sent\u00e9s sont offerts sur le territoire marocain.\u00a0\u00a0<\/p>\n<p><!-- \/wp:paragraph --><!-- wp:paragraph --><\/p>\n<p>Certains produits ou services \u00e9voqu\u00e9s sur le pr\u00e9sent site peuvent ne pas \u00eatre disponibles pour certaines cat\u00e9gories d\u2019utilisateurs ou dans certaines parties du territoire.<\/p>\n<p><!-- \/wp:paragraph --><!-- wp:paragraph --><\/p>\n<p>L\u2019acc\u00e8s aux produits et services \u00e9ventuellement pr\u00e9sent\u00e9s sur le site peut faire l\u2019objet de restrictions \u00e0 l\u2019\u00e9gard de certaines personnes ou dans certains pays.\u00a0<\/p>\n<p><!-- \/wp:paragraph --><!-- wp:paragraph --><\/p>\n<p>Aucun des produits et\/ou services pr\u00e9sent\u00e9s ne sera fourni par ORBIS AGRO INDUSTRY \u00e0 une personne si la loi de son pays d\u2019origine ou de tout autre pays qui la concernerait l\u2019interdit.<\/p>\n<p><!-- \/wp:paragraph --><!-- wp:paragraph --><\/p>\n<p>Il appartient \u00e0 toute personne int\u00e9ress\u00e9e de v\u00e9rifier pr\u00e9alablement aupr\u00e8s de ses conseils habituels que son statut juridique et fiscal lui permet de souscrire les produits pr\u00e9sent\u00e9s sur le site.<\/p>\n<p><!-- \/wp:paragraph --><!-- wp:paragraph --><\/p>\n<p>Les informations contenues dans ce site ne sauraient en aucune mani\u00e8re constituer une offre de la part de ORBIS AGRO INDUSTRY.\u00a0<\/p>\n<p><!-- \/wp:paragraph --><!-- wp:paragraph --><\/p>\n<p>Les informations diffus\u00e9es, le cas \u00e9ch\u00e9ant les prix pr\u00e9sent\u00e9s, ne sont communiqu\u00e9s qu\u2019\u00e0 titre informatif et indicatif.<\/p>\n<p><!-- \/wp:paragraph --><!-- wp:paragraph --><\/p>\n<p>Ces informations ne peuvent \u00eatre assimil\u00e9es \u00e0 des conseils. Elles n\u2019emportent aucun engagement juridique ni accord contractuel de la part de ORBIS AGRO INDUSTRY qui se r\u00e9serve par ailleurs la facult\u00e9 d\u2019en modifier \u00e0 tout moment les caract\u00e9ristiques.\u00a0<\/p>\n<p><!-- \/wp:paragraph --><!-- wp:paragraph --><\/p>\n<p>ORBIS AGRO INDUSTRY fait en sortes d\u2019assurer au mieux de son possible le fonctionnement et la s\u00e9curit\u00e9 du site web ainsi que l\u2019exactitude et la mise \u00e0 jour r\u00e9guli\u00e8re des informations qui y sont diffus\u00e9es.\u00a0\u00a0<\/p>\n<p><!-- \/wp:paragraph --><!-- wp:paragraph --><\/p>\n<p>ORBIS AGRO INDUSTRY se r\u00e9serve ainsi le droit d\u2019interrompre ce site et d\u2019en corriger son contenu.\u00a0<\/p>\n<p><!-- \/wp:paragraph --><!-- wp:paragraph --><\/p>\n<p>ORBIS AGRO INDUSTRY met tout en \u0153uvre pour pr\u00e9senter aux utilisateurs des informations, produits et\/ou des outils disponibles et v\u00e9rifi\u00e9s, mais ne sauraient \u00eatre tenues pour responsables des erreurs, d\u2019une indisponibilit\u00e9 du site ou des informations, des produits pr\u00e9sent\u00e9s et\/ou de la pr\u00e9sence de virus sur son site.\u00a0\u00a0<\/p>\n<p><!-- \/wp:paragraph --><!-- wp:paragraph --><\/p>\n<p>ORBIS AGRO INDUSTRY d\u00e9cline en outre toute responsabilit\u00e9 en particulier :\u00a0<\/p>\n<p><!-- \/wp:paragraph --><!-- wp:list --><\/p>\n<ul class=\"wp-block-list\"><!-- wp:list-item -->\n<li>Pour toutes impr\u00e9cisions et\/ou omissions et\/ou erreurs portant sur des informations disponibles sur ce site,<\/li>\n<!-- \/wp:list-item --><!-- wp:list-item -->\n<li>Pour tous dommage et\/ou d\u00e9t\u00e9rioration et\/ou dysfonctionnement caus\u00e9 par l\u2019intrusion d\u2019un virus ou l\u2019intrusion frauduleuse d\u2019un tiers dans les syst\u00e8mes informatiques des utilisateurs que ce soit lors d\u2019un t\u00e9l\u00e9chargement de donn\u00e9es en provenance du site ou par la simple connexion au site, pour tous dommages,<\/li>\n<!-- \/wp:list-item --><\/ul>\n<p><!-- \/wp:list --><!-- wp:list --><\/p>\n<ul class=\"wp-block-list\"><!-- wp:list-item -->\n<li>Et d\u2019une mani\u00e8re g\u00e9n\u00e9rale pour tous dommages et\/ou pr\u00e9judices directs ou indirects quelles que soient les causes, origines, natures ou cons\u00e9quences, provoqu\u00e9s \u00e0 raison de l\u2019acc\u00e8s de quiconque \u00e0 ce site ou de l\u2019impossibilit\u00e9 d\u2019y acc\u00e9der, de m\u00eame que l\u2019utilisation du site et\/ou du cr\u00e9dit accord\u00e9 \u00e0 une quelconque information provenant directement ou indirectement de ce dernier.\u00a0\u00a0<\/li>\n<!-- \/wp:list-item --><\/ul>\n<div>\n<p><span lang=\"FR\">L\u2019utilisateur reconna\u00eet utiliser le site et son contenu sous sa responsabilit\u00e9 exclusive.<\/span><\/p>\n<h3><span style=\"color: #162e09; font-family: 'Bebas Neue', sans-serif; font-size: 50px; text-transform: uppercase;\">Donn\u00e9es personnelles<\/span><\/h3>\n<\/div>\n<p><!-- \/wp:heading --><!-- wp:paragraph --><\/p>\n<div>\n<p><span lang=\"FR\">ORBIS AGRO INDUSTRY peut \u00eatre amen\u00e9e \u00e0 collecter et \u00e0 traiter des donn\u00e9es personnelles communiqu\u00e9es par les utilisateurs afin de r\u00e9pondre aux demandes exprim\u00e9es. \u00a0<\/span><\/p>\n<\/div>\n<div>\n<p><span lang=\"FR\">L\u2019utilisateur reconna\u00eet que ses donn\u00e9es personnelles, qu\u2019il a lui-m\u00eame communiqu\u00e9es, sont n\u00e9cessaires pour le traitement de sa demande et consent \u00e0 les communiquer en vue de ce traitement.<\/span><\/p>\n<\/div>\n<div>\n<p><span lang=\"FR\">L\u2019utilisateur consent \u00e9galement express\u00e9ment \u00e0 ce que ses donn\u00e9es personnelles puissent \u00eatre conserv\u00e9es et utilis\u00e9es par ORBIS AGRO INDUSTRY \u00e0 des fins de prospections directes, par l\u2019utilisation de tous moyens. \u00a0<\/span><\/p>\n<\/div>\n<div>\n<p><span lang=\"FR\">L\u2019utilisateur pourra toutefois mettre fin \u00e0 cette utilisation \u00e0 tout moment en informant ORBIS AGRO INDUSTRY \u00e0 l\u2019adresse de son si\u00e8ge social mentionn\u00e9 ci-dessous\u00a0: <\/span><\/p>\n<\/div>\n<div>\n<p><span lang=\"FR\">24, Rue Mohamed El Ghazi, Olm Souissi-Rabat \u2013 Maroc\u00a0<\/span><\/p>\n<\/div>\n<div>\n<p><span lang=\"FR\">En outre, en vertu des dispositions de la loi n\u00b009-08 relative \u00e0 la protection des personnes physiques \u00e0 l\u2019\u00e9gard du traitement des donn\u00e9es \u00e0 caract\u00e8re personnel, l\u2019utilisateur peut exercer \u00e0 tout moment, son droit d\u2019acc\u00e8s, de rectification et d\u2019opposition par courrier adress\u00e9\u00a0au si\u00e8ge social de ORBIS AGRO INDUSTRY. Tel qu\u2019indiqu\u00e9 pr\u00e9c\u00e9demment. <\/span><\/p>\n<\/div>\n<p><!-- \/wp:paragraph --><!-- wp:heading --><\/p>\n<h3>Liens hypertexte<\/h3>\n<p><!-- \/wp:heading --><!-- wp:paragraph --><\/p>\n<div>\n<p><span lang=\"FR\">La pr\u00e9sence de liens hypertextes sur le site est exclusivement destin\u00e9e \u00e0 faciliter la navigation des internautes vers les sites d\u2019autres soci\u00e9t\u00e9s partenaires ou non ORBIS AGRO INDUSTRY. <\/span><\/p>\n<\/div>\n<div>\n<p><span lang=\"FR\">Ces liens hypertexte mis en place dans le cadre du pr\u00e9sent site en direction d\u2019autres sites pr\u00e9sents sur les r\u00e9seaux Internet ne sauraient donc engager la responsabilit\u00e9 de ORBIS AGRO INDUSTRY.<\/span><\/p>\n<\/div>\n<div>\n<p><span lang=\"FR\">L\u2019existence de liens vers un autre site ne constitue pas une validation de ce site ou de son contenu.<\/span><\/p>\n<\/div>\n<div>\n<p><span lang=\"FR\">Il appartient \u00e0 l\u2019internaute d\u2019utiliser les informations mises \u00e0 disposition avec discernement et esprit critique.<\/span><\/p>\n<\/div>\n<div>\n<p><span lang=\"FR\">La responsabilit\u00e9 de ORBIS AGRO INDUSTRY ne saurait \u00eatre engag\u00e9e quant aux informations ou recommandations formul\u00e9es par ces tiers. <\/span><\/p>\n<\/div>\n<div>\n<p><span lang=\"FR\">Il est rappel\u00e9 l\u2019existence de risques inh\u00e9rents \u00e0 la transmission \u00e9lectronique des informations, des retards, omissions ou inexactitudes sont susceptibles de se produire.<\/span><\/p>\n<\/div>\n<div>\n<p><span lang=\"FR\">Aucun utilisateur du site ne peut mettre en place un hyperlien en direction de ce site sans l\u2019autorisation expresse \u00e9crite et pr\u00e9alable de ORBIS AGRO INDUSTRY.<\/span><\/p>\n<\/div>\n<p><!-- \/wp:paragraph --><!-- wp:heading --><\/p>\n<h3>Litiges \u2013 Loi applicable<\/h3>\n<p><!-- \/wp:heading --><!-- wp:paragraph --><\/p>\n<div>\n<p><span lang=\"FR\">Le non-respect des pr\u00e9sentes dispositions expose le contrevenant \u00e0 des poursuites et \u00e0 des sanctions p\u00e9nales. <\/span><\/p>\n<\/div>\n<div>\n<p><span lang=\"FR\">Le pr\u00e9sent texte est r\u00e9gi et interpr\u00e9t\u00e9 selon le droit marocain et rel\u00e8ve de la comp\u00e9tence exclusive des tribunaux comp\u00e9tents de Rabat.<\/span><\/p>\n<\/div>\n<div>\n<p><span lang=\"FR\">Si l\u2019une des dispositions du pr\u00e9sent texte s\u2019av\u00e9rait nulle, non valide ou sans effet juridique, toutes les autres dispositions demeureraient applicables.<\/span><\/p>\n<\/div>\n<p><!-- \/wp:paragraph --><\/p>\t\t\t\t\t\t<\/div>\n\t\t\t\t<\/div>\n\t\t\t\t\t<\/div>\n\t\t\t\t<\/div>\n\t\t\t\t<\/div>\n\t\t","protected":false},"excerpt":{"rendered":"<p>Vous \u00eates actuellement connect\u00e9s au site\u00a0\u00ab\u00a0https:\/\/www.orbisagroindustry.ma\u00a0\u00bb qui est \u00e9dit\u00e9 par ORBIS AGRO INDUSTRY. En acc\u00e9dant \u00e0 ce site ou en t\u00e9l\u00e9chargeant des \u00e9l\u00e9ments du site web, vous acceptez d\u2019\u00eatre li\u00e9s par les pr\u00e9sentes conditions g\u00e9n\u00e9rales d\u2019utilisation. Pr\u00e9sentation g\u00e9n\u00e9rale ORBIS AGRO INDUSTRY, Soci\u00e9t\u00e9 anonyme, au capital de 80.015.000 DH, immatricul\u00e9e au Registre de Commerce de Rabat [&hellip;]<\/p>\n","protected":false},"author":1,"featured_media":0,"parent":0,"menu_order":0,"comment_status":"closed","ping_status":"open","template":"","meta":{"om_disable_all_campaigns":false,"_monsterinsights_skip_tracking":false,"_monsterinsights_sitenote_active":false,"_monsterinsights_sitenote_note":"","_monsterinsights_sitenote_category":0,"footnotes":""},"class_list":["post-3","page","type-page","status-publish","hentry"],"_links":{"self":[{"href":"https:\/\/bohome.ma\/orbis_agri\/wp-json\/wp\/v2\/pages\/3","targetHints":{"allow":["GET"]}}],"collection":[{"href":"https:\/\/bohome.ma\/orbis_agri\/wp-json\/wp\/v2\/pages"}],"about":[{"href":"https:\/\/bohome.ma\/orbis_agri\/wp-json\/wp\/v2\/types\/page"}],"author":[{"embeddable":true,"href":"https:\/\/bohome.ma\/orbis_agri\/wp-json\/wp\/v2\/users\/1"}],"replies":[{"embeddable":true,"href":"https:\/\/bohome.ma\/orbis_agri\/wp-json\/wp\/v2\/comments?post=3"}],"version-history":[{"count":7,"href":"https:\/\/bohome.ma\/orbis_agri\/wp-json\/wp\/v2\/pages\/3\/revisions"}],"predecessor-version":[{"id":12413,"href":"https:\/\/bohome.ma\/orbis_agri\/wp-json\/wp\/v2\/pages\/3\/revisions\/12413"}],"wp:attachment":[{"href":"https:\/\/bohome.ma\/orbis_agri\/wp-json\/wp\/v2\/media?parent=3"}],"curies":[{"name":"wp","href":"https:\/\/api.w.org\/{rel}","templated":true}]}}