{"id":12143,"date":"2024-07-24T10:46:59","date_gmt":"2024-07-24T08:46:59","guid":{"rendered":"https:\/\/bohome.ma\/orbis_agri\/?page_id=12143"},"modified":"2024-08-12T11:04:49","modified_gmt":"2024-08-12T09:04:49","slug":"politique-dutilisation-des-cookies","status":"publish","type":"page","link":"https:\/\/bohome.ma\/orbis_agri\/politique-dutilisation-des-cookies\/","title":{"rendered":"Politique d\u2019utilisation des cookies"},"content":{"rendered":"\t\t<div data-elementor-type=\"wp-page\" data-elementor-id=\"12143\" class=\"elementor elementor-12143\">\n\t\t\t\t<div class=\"elementor-element elementor-element-26ba05 e-flex e-con-boxed e-con e-parent\" data-id=\"26ba05\" data-element_type=\"container\">\n\t\t\t\t\t<div class=\"e-con-inner\">\n\t\t\t\t<div class=\"elementor-element elementor-element-110c3a44 elementor-widget elementor-widget-text-editor\" data-id=\"110c3a44\" data-element_type=\"widget\" data-widget_type=\"text-editor.default\">\n\t\t\t\t<div class=\"elementor-widget-container\">\n\t\t\t<style>\/*! elementor - v3.23.0 - 05-08-2024 *\/\n.elementor-widget-text-editor.elementor-drop-cap-view-stacked .elementor-drop-cap{background-color:#69727d;color:#fff}.elementor-widget-text-editor.elementor-drop-cap-view-framed .elementor-drop-cap{color:#69727d;border:3px solid;background-color:transparent}.elementor-widget-text-editor:not(.elementor-drop-cap-view-default) .elementor-drop-cap{margin-top:8px}.elementor-widget-text-editor:not(.elementor-drop-cap-view-default) .elementor-drop-cap-letter{width:1em;height:1em}.elementor-widget-text-editor .elementor-drop-cap{float:left;text-align:center;line-height:1;font-size:50px}.elementor-widget-text-editor .elementor-drop-cap-letter{display:inline-block}<\/style>\t\t\t\t<!-- wp:paragraph -->\n<p style=\"font-weight: 400;\">La pr\u00e9sente politique en mati\u00e8re de cookies a pour but de vous informer des caract\u00e9ristiques et des finalit\u00e9s des cookies que nous utilisons ainsi que la mani\u00e8re de les limiter durant votre navigation si vous le souhaitez. Nous vous invitons \u00e9galement \u00e0 prendre connaissance de nos informations l\u00e9gales.<\/p>\n<!-- \/wp:paragraph --><!-- wp:heading {\"level\":3} -->\n<h3>Qu&rsquo;est-ce qu&rsquo;un cookie ?<\/h3>\n<!-- \/wp:heading --><!-- wp:paragraph -->\n<p style=\"font-weight: 400;\">Un cookie est un petit fichier texte qui est plac\u00e9 sur votre mat\u00e9riel informatique par les sites internet que vous visitez.<\/p>\n<p style=\"font-weight: 400;\">Un cookie est essentiellement utilis\u00e9 pour permettre aux sites internet de fonctionner, ou de fonctionner plus efficacement ainsi que pour fournir des informations aux propri\u00e9taires des sites web.<\/p>\n<p style=\"font-weight: 400;\">Un cookie permet, avant tout, d&rsquo;identifier votre appareil de navigation.<\/p>\n<p><!-- \/wp:paragraph --><!-- wp:heading {\"level\":3} --><\/p>\n<h3>L&rsquo;utilisation des cookies<\/h3>\n<p><!-- \/wp:heading --><!-- wp:paragraph --><\/p>\n<p style=\"font-weight: 400;\">ORBIS AGRO INDUSTRY utilise des cookies pour des raisons diverses et vari\u00e9es.<\/p>\n<p style=\"font-weight: 400;\">De mani\u00e8re g\u00e9n\u00e9rale, on peut distinguer deux grandes cat\u00e9gories de cookies :<\/p>\n<ul>\n<li>Les cookies fonctionnels<\/li>\n<li>Les cookies de confort<\/li>\n<\/ul>\n<p style=\"font-weight: 400;\">Les cookies fonctionnels r\u00e9pondent \u00e0 des exigences techniques. Ils sont n\u00e9cessaires \u00e0 une connexion correcte et s\u00e9curis\u00e9e des sites internet.<\/p>\n<p style=\"font-weight: 400;\">Les cookies de confort facilitent la navigation en enregistrant certaine de vos pr\u00e9f\u00e9rences pour une navigation plus simple, plus rapide et plus conviviale. Ces cookies sont \u00e9galement utilis\u00e9s \u00e0 des fins statistiques.<\/p>\n<p style=\"font-weight: 400;\">Ces cookies peuvent avoir une origine, une fonction et une dur\u00e9e de vie diff\u00e9rente.<\/p>\n<ul>\n<li>Cookies directs : visent les cookies qui sont plac\u00e9s par ORBIS AGRO INDUSTRY lors de la visite de son site internet et qui ne peuvent \u00eatre lus que par ce site internet\u00a0;<\/li>\n<li>Cookies indirects : visent les cookies qui sont plac\u00e9s par un tiers, lorsque vous visitez le site internet, par exemple, les cookies plac\u00e9s par les r\u00e9seaux sociaux\u00a0;<\/li>\n<li>Cookies fonctionnels : veillent au fonctionnement correct du site Internet (ex : cookies de login, d&rsquo;enregistrement, pr\u00e9f\u00e9rences de langage) ou permettent de fournir des services express\u00e9ment demand\u00e9s par les internautes. Les cookies fonctionnels sont des cookies directs\u00a0;<\/li>\n<li>Cookies de confort : sont plac\u00e9s sur le site Internet pour des finalit\u00e9s statistiques, sociales et commerciales ou afin de cr\u00e9er un profil d&rsquo;utilisateur g\u00e9n\u00e9ral. Les cookies de confort peuvent \u00eatre directs ou indirects.<\/li>\n<li>Les cookies plac\u00e9s \u00e0 des fins statistiques permettent de v\u00e9rifier les pages visit\u00e9es du site internet et de localiser l&rsquo;ordinateur (Google Analytics etc.).<\/li>\n<li>Les cookies plac\u00e9s \u00e0 des fins sociales permettent aux internautes de partager le contenu du site internet visit\u00e9 sur les r\u00e9seaux sociaux (Twitter, Facebook, etc.).<\/li>\n<li>Cookies permanents : restent pr\u00e9sents sur votre disque dur pour une longue dur\u00e9e pr\u00e9d\u00e9finie ou jusqu&rsquo;\u00e0 ce que vous les effaciez.<\/li>\n<li>Cookies de session (ou cookies temporaires) : Ils\u00a0permettent de simplifier vos manipulations pendant une session de navigation.<\/li>\n<\/ul>\n<p>D\u00e8s que vous fermez votre navigateur, tous les cookies de session sont supprim\u00e9s. Les cookies de session sont g\u00e9n\u00e9ralement fonctionnels.<\/p>\n<p><!-- \/wp:paragraph --><!-- wp:heading {\"level\":3} --><\/p>\n<h3>Quel type de cookies ORBIS AGRO INDUSTRY utilise ?<\/h3>\n<p><!-- \/wp:heading --><!-- wp:paragraph --><\/p>\n<p style=\"font-weight: 400;\">ORBIS AGRO INDUSTRY est toujours \u00e0 la recherche de nouveaux moyens d&rsquo;am\u00e9liorer son site internet et de vous offrir un meilleur service. ORBIS AGRO INDUSTRY utilise des cookies pour am\u00e9liorer l&rsquo;utilisation et la fonctionnalit\u00e9 de son site internet et pour mieux comprendre comment vous l&rsquo;utilisez.\u00a0 \u00a0<\/p>\n<h6>Des cookies fonctionnels<\/h6>\n<p style=\"font-weight: 400;\">ORBIS AGRO INDUSTRY utilise des cookies fonctionnels n\u00e9cessaires au bon fonctionnement de son site internet qui ne vous identifient pas personnellement.\u00a0<\/p>\n<p style=\"font-weight: 400;\">Ces cookies rendent le fonctionnement du site internet plus convivial et vous offrent une exp\u00e9rience en ligne plus personnalis\u00e9e.<\/p>\n<h6>Des cookies de confort<\/h6>\n<p style=\"font-weight: 400;\">ORBIS AGRO INDUSTRY utilise des cookies de confort pour collecter des informations sur votre utilisation du site internet afin d&rsquo;en am\u00e9liorer le contenu et d&rsquo;en accro\u00eetre la facilit\u00e9 d&rsquo;utilisation.<\/p>\n<p style=\"font-weight: 400;\">Les cookies provenant des r\u00e9seaux sociaux vous permettent de faire conna\u00eetre \u00e0 d&rsquo;autres personnes le contenu de notre site internet ainsi que votre opinion sur celui-ci. Tel est le cas des boutons applicatifs \u00ab Partager \u00bb ou \u00ab J&rsquo;aime \u00bb, issus de r\u00e9seaux sociaux comme Facebook, Twitter, LinkedIn, Viadeo, etc. Le r\u00e9seau social qui fournit ce type de boutons applicatifs est susceptible de vous identifier gr\u00e2ce \u00e0 ce bouton, m\u00eame si vous n&rsquo;avez pas cliqu\u00e9 dessus lors de votre consultation de notre site. En effet, certains cookies permettent au r\u00e9seau social concern\u00e9 de suivre votre navigation sur notre site internet d\u00e8s lors que votre compte \u00e0 ce r\u00e9seau social est activ\u00e9 sur votre terminal durant votre navigation sur notre site internet.<\/p>\n<p style=\"font-weight: 400;\">Nous n&rsquo;avons aucun contr\u00f4le sur le processus employ\u00e9 par les r\u00e9seaux sociaux pour collecter des informations relatives \u00e0 votre navigation sur notre site internet. Nous vous invitons \u00e0 consulter les politiques de protection des donn\u00e9es personnelles de ces r\u00e9seaux sociaux. Celles-ci doivent vous permettre d&rsquo;exercer certains choix de confidentialit\u00e9 aupr\u00e8s de ces r\u00e9seaux sociaux, notamment en param\u00e9trant vos comptes d&rsquo;utilisation de chacun de ces r\u00e9seaux.<\/p>\n<p><span style=\"font-weight: 400;\">Les dur\u00e9es de conservation des cookies tiers tels que les cookies provenant des r\u00e9seaux sociaux pourront \u00e9ventuellement \u00eatre modifi\u00e9es \u00e0 tout moment sans que <\/span><span style=\"font-weight: 400;\">ORBIS AGRO INDUSTRY<\/span><span style=\"font-weight: 400;\"> en ait eu l&rsquo;information au pr\u00e9alable. Lorsque <\/span><span style=\"font-weight: 400;\">ORBIS AGRO INDUSTRY<\/span><span style=\"font-weight: 400;\"> en aura \u00e9t\u00e9 inform\u00e9e, les modifications de dur\u00e9e seront indiqu\u00e9es au sein de la pr\u00e9sente politique.<\/span><\/p>\n<h3>Consentement<\/h3>\n<p><!-- \/wp:heading --><!-- wp:paragraph --><\/p>\n<div>\n<p style=\"font-weight: 400;\">Lors de votre premi\u00e8re visite sur notre site internet, vous \u00eates inform\u00e9s de la pr\u00e9sence de cookies par l\u2019apparition d\u2019un bandeau avec un lien vers la pr\u00e9sente politique.<\/p>\n<p style=\"font-weight: 400;\">En poursuivant votre navigation sur le site internet, vous acceptez l\u2019utilisation de cookies conform\u00e9ment \u00e0 la pr\u00e9sente politique.<\/p>\n<p style=\"font-weight: 400;\">Si vous n\u2019acceptez pas l\u2019utilisation de ces cookies, vous pouvez les d\u00e9sactiver \u00e0 tout moment.<\/p>\n<\/div>\n<p><!-- \/wp:paragraph --><!-- wp:heading --><\/p>\n<h3>Modification des param\u00e8tres de votre navigateur<\/h3>\n<p><!-- \/wp:heading --><!-- wp:paragraph --><\/p>\n<div>\n<p style=\"font-weight: 400;\">Tous les navigateurs Web vous permettent de limiter les comportements des cookies ou de les d\u00e9sactiver. Les \u00e9tapes \u00e0 suivre sont diff\u00e9rentes pour chaque navigateur.<\/p>\n<p style=\"font-weight: 400;\">Gr\u00e2ce \u00e0 votre navigateur, vous pouvez aussi consulter les cookies pr\u00e9sents sur votre ordinateur, et les supprimer un \u00e0 un ou tous d&rsquo;un coup.<\/p>\n<p style=\"font-weight: 400;\">Si vous avez bloqu\u00e9 l&rsquo;ensemble ou une partie des cookies, il est possible que le Site Web ne fonctionne plus correctement ou que vous n&rsquo;ayez pas acc\u00e8s \u00e0 certaines parties de ce site, ce dont nous ne saurions \u00eatre responsables.<\/p>\n<\/div>\n<p><!-- \/wp:paragraph --><!-- wp:heading --><\/p>\n<h3>Mise \u00e0 jour de la politique de cookies<\/h3>\n<p><!-- \/wp:heading --><!-- wp:paragraph --><\/p>\n<div>\n<p style=\"font-weight: 400;\">Nous nous r\u00e9servons le droit de proc\u00e9der \u00e0 toute modification de la pr\u00e9sente politique et ce, afin notamment de r\u00e9pondre aux normes impos\u00e9es par la l\u00e9gislation.<\/p>\n<h3>Droit des personnes<\/h3>\n<p style=\"font-weight: 400;\">Certains des cookies utilis\u00e9s par ORBIS AGRO INDUSTRY permettent la collecte de donn\u00e9es \u00e0 caract\u00e8re personnel. ORBIS AGRO INDUSTRY est responsable de ces traitements de donn\u00e9es \u00e0 caract\u00e8re personnel.\u00a0<\/p>\n<p style=\"font-weight: 400;\">Ces donn\u00e9es sont indispensables pour atteindre les finalit\u00e9s poursuivies par chaque cookie. Elles sont uniquement destin\u00e9es aux services concern\u00e9s de ORBIS AGRO INDUSTRY et, le cas \u00e9ch\u00e9ant, \u00e0 ses prestataires.\u00a0 \u00a0<\/p>\n<p style=\"font-weight: 400;\">ORBIS AGRO INDUSTRY utilise notamment le service Google Analytics offert par Google Inc (\u00ab Google \u00bb) \u00e0 des fins statistiques.\u00a0<\/p>\n<p style=\"font-weight: 400;\">Dans le cadre de ce service, les donn\u00e9es collect\u00e9es via les cookies Google Analytics (donn\u00e9es de connexion et donn\u00e9es relatives \u00e0 votre navigation) sont transmises et stock\u00e9es par Google sur des serveurs situ\u00e9s aux Etats-Unis. Les entit\u00e9s de Google sont adh\u00e9rentes au Safe Harbor et assurent un niveau de protection ad\u00e9quat des donn\u00e9es (D\u00e9cision 2000\/520\/CE du 26-7-2000).<\/p>\n<p><span style=\"font-weight: 400;\">Pour exercer vos droits d&rsquo;interrogation, d&rsquo;acc\u00e8s et de rectification aux donn\u00e9es vous concernant, vous pouvez nous contacter par courrier \u00e9lectronique \u00e0 l\u2019adresse suivante\u00a0: <\/span><span style=\"font-weight: 400;\"><a href=\"mailto:contact@orbisholding.ma\">contact@orbisholding.ma<\/a><\/span><\/p>\n<\/div>\n<p><!-- \/wp:paragraph --><\/p>\t\t\t\t\t\t<\/div>\n\t\t\t\t<\/div>\n\t\t\t\t\t<\/div>\n\t\t\t\t<\/div>\n\t\t\t\t<\/div>\n\t\t","protected":false},"excerpt":{"rendered":"<p>La pr\u00e9sente politique en mati\u00e8re de cookies a pour but de vous informer des caract\u00e9ristiques et des finalit\u00e9s des cookies que nous utilisons ainsi que la mani\u00e8re de les limiter durant votre navigation si vous le souhaitez. Nous vous invitons \u00e9galement \u00e0 prendre connaissance de nos informations l\u00e9gales. Qu&rsquo;est-ce qu&rsquo;un cookie ? Un cookie est [&hellip;]<\/p>\n","protected":false},"author":1,"featured_media":0,"parent":0,"menu_order":0,"comment_status":"closed","ping_status":"closed","template":"","meta":{"om_disable_all_campaigns":false,"_monsterinsights_skip_tracking":false,"_monsterinsights_sitenote_active":false,"_monsterinsights_sitenote_note":"","_monsterinsights_sitenote_category":0,"footnotes":""},"class_list":["post-12143","page","type-page","status-publish","hentry"],"_links":{"self":[{"href":"https:\/\/bohome.ma\/orbis_agri\/wp-json\/wp\/v2\/pages\/12143","targetHints":{"allow":["GET"]}}],"collection":[{"href":"https:\/\/bohome.ma\/orbis_agri\/wp-json\/wp\/v2\/pages"}],"about":[{"href":"https:\/\/bohome.ma\/orbis_agri\/wp-json\/wp\/v2\/types\/page"}],"author":[{"embeddable":true,"href":"https:\/\/bohome.ma\/orbis_agri\/wp-json\/wp\/v2\/users\/1"}],"replies":[{"embeddable":true,"href":"https:\/\/bohome.ma\/orbis_agri\/wp-json\/wp\/v2\/comments?post=12143"}],"version-history":[{"count":7,"href":"https:\/\/bohome.ma\/orbis_agri\/wp-json\/wp\/v2\/pages\/12143\/revisions"}],"predecessor-version":[{"id":12410,"href":"https:\/\/bohome.ma\/orbis_agri\/wp-json\/wp\/v2\/pages\/12143\/revisions\/12410"}],"wp:attachment":[{"href":"https:\/\/bohome.ma\/orbis_agri\/wp-json\/wp\/v2\/media?parent=12143"}],"curies":[{"name":"wp","href":"https:\/\/api.w.org\/{rel}","templated":true}]}}