{"id":12098,"date":"2024-07-23T13:58:01","date_gmt":"2024-07-23T11:58:01","guid":{"rendered":"https:\/\/bohome.ma\/orbis_agri\/?page_id=12098"},"modified":"2024-07-31T16:51:37","modified_gmt":"2024-07-31T14:51:37","slug":"certifications","status":"publish","type":"page","link":"https:\/\/bohome.ma\/orbis_agri\/certifications\/","title":{"rendered":"Certifications\u00a0"},"content":{"rendered":"\t\t<div data-elementor-type=\"wp-page\" data-elementor-id=\"12098\" class=\"elementor elementor-12098\">\n\t\t\t\t\t\t<section class=\"elementor-section elementor-top-section elementor-element elementor-element-3c278c8 elementor-section-boxed elementor-section-height-default elementor-section-height-default\" data-id=\"3c278c8\" data-element_type=\"section\" data-settings=\"{&quot;background_background&quot;:&quot;classic&quot;}\">\n\t\t\t\t\t\t<div class=\"elementor-container elementor-column-gap-default\">\n\t\t\t\t\t<div class=\"elementor-column elementor-col-50 elementor-top-column elementor-element elementor-element-35e15b6\" data-id=\"35e15b6\" data-element_type=\"column\">\n\t\t\t<div class=\"elementor-widget-wrap elementor-element-populated\">\n\t\t\t\t\t\t<div class=\"elementor-element elementor-element-274bb25 elementor-widget elementor-widget-agraria_core_section_title\" data-id=\"274bb25\" data-element_type=\"widget\" data-widget_type=\"agraria_core_section_title.default\">\n\t\t\t\t<div class=\"elementor-widget-container\">\n\t\t\t<div class=\"qodef-shortcode qodef-m  qodef-section-title qodef-alignment--left \">\n\t\t\t\t<h2 class=\"qodef-m-title\" style=\"margin-top: 6px\">\n\t\t\t\t\tnos certifications\t\t\t<\/h2>\n\t\t<p class=\"qodef-m-description\" >L&#039;entreprise Orbis Agro Industry est fi\u00e8re de disposer de plusieurs certifications de qualit\u00e9 qui attestent de son engagement envers l&#039;excellence et la durabilit\u00e9. <\/p>\n\t<\/div>\n\t\t<\/div>\n\t\t\t\t<\/div>\n\t\t\t\t<div class=\"elementor-element elementor-element-95d2d44 elementor-widget elementor-widget-text-editor\" data-id=\"95d2d44\" data-element_type=\"widget\" data-widget_type=\"text-editor.default\">\n\t\t\t\t<div class=\"elementor-widget-container\">\n\t\t\t<style>\/*! elementor - v3.23.0 - 05-08-2024 *\/\n.elementor-widget-text-editor.elementor-drop-cap-view-stacked .elementor-drop-cap{background-color:#69727d;color:#fff}.elementor-widget-text-editor.elementor-drop-cap-view-framed .elementor-drop-cap{color:#69727d;border:3px solid;background-color:transparent}.elementor-widget-text-editor:not(.elementor-drop-cap-view-default) .elementor-drop-cap{margin-top:8px}.elementor-widget-text-editor:not(.elementor-drop-cap-view-default) .elementor-drop-cap-letter{width:1em;height:1em}.elementor-widget-text-editor .elementor-drop-cap{float:left;text-align:center;line-height:1;font-size:50px}.elementor-widget-text-editor .elementor-drop-cap-letter{display:inline-block}<\/style>\t\t\t\t<p>Parmi ces certifications, nous avons obtenu le GlobalGAP, qui garantit que nos pratiques agricoles r\u00e9pondent aux normes les plus strictes en mati\u00e8re de s\u00e9curit\u00e9 alimentaire, de durabilit\u00e9 environnementale et de protection des travailleurs.<\/p><p>En compl\u00e9ment, nous avons aussi la certification GRASP (GlobalGAP Risk Assessment on Social Practice), qui assure que nos op\u00e9rations respectent les crit\u00e8res sociaux, incluant le bien-\u00eatre des travailleurs, les conditions de travail et les droits des employ\u00e9s.<\/p><p>De plus, notre adh\u00e9sion aux normes SMETA (Sedex Members Ethical Trade Audit) t\u00e9moigne de notre engagement envers des pratiques commerciales \u00e9thiques, couvrant des aspects tels que les droits des travailleurs, la sant\u00e9 et la s\u00e9curit\u00e9, l&rsquo;environnement et l&rsquo;int\u00e9grit\u00e9 commerciale.<\/p><p>Ces distinctions soulignent notre d\u00e9vouement \u00e0 maintenir des standards \u00e9lev\u00e9s dans toutes nos op\u00e9rations et \u00e0 offrir des produits de premi\u00e8re qualit\u00e9 \u00e0 nos clients tout en respectant les normes sociales et \u00e9thiques les plus rigoureuses.<\/p>\t\t\t\t\t\t<\/div>\n\t\t\t\t<\/div>\n\t\t\t\t\t<\/div>\n\t\t<\/div>\n\t\t\t\t<div class=\"elementor-column elementor-col-50 elementor-top-column elementor-element elementor-element-8f18410\" data-id=\"8f18410\" data-element_type=\"column\" data-settings=\"{&quot;background_background&quot;:&quot;classic&quot;}\">\n\t\t\t<div class=\"elementor-widget-wrap elementor-element-populated\">\n\t\t\t\t\t\t<div class=\"elementor-element elementor-element-3a64866 elementor-widget elementor-widget-spacer\" data-id=\"3a64866\" data-element_type=\"widget\" data-widget_type=\"spacer.default\">\n\t\t\t\t<div class=\"elementor-widget-container\">\n\t\t\t<style>\/*! elementor - v3.23.0 - 05-08-2024 *\/\n.elementor-column .elementor-spacer-inner{height:var(--spacer-size)}.e-con{--container-widget-width:100%}.e-con-inner>.elementor-widget-spacer,.e-con>.elementor-widget-spacer{width:var(--container-widget-width,var(--spacer-size));--align-self:var(--container-widget-align-self,initial);--flex-shrink:0}.e-con-inner>.elementor-widget-spacer>.elementor-widget-container,.e-con>.elementor-widget-spacer>.elementor-widget-container{height:100%;width:100%}.e-con-inner>.elementor-widget-spacer>.elementor-widget-container>.elementor-spacer,.e-con>.elementor-widget-spacer>.elementor-widget-container>.elementor-spacer{height:100%}.e-con-inner>.elementor-widget-spacer>.elementor-widget-container>.elementor-spacer>.elementor-spacer-inner,.e-con>.elementor-widget-spacer>.elementor-widget-container>.elementor-spacer>.elementor-spacer-inner{height:var(--container-widget-height,var(--spacer-size))}.e-con-inner>.elementor-widget-spacer.elementor-widget-empty,.e-con>.elementor-widget-spacer.elementor-widget-empty{position:relative;min-height:22px;min-width:22px}.e-con-inner>.elementor-widget-spacer.elementor-widget-empty .elementor-widget-empty-icon,.e-con>.elementor-widget-spacer.elementor-widget-empty .elementor-widget-empty-icon{position:absolute;top:0;bottom:0;left:0;right:0;margin:auto;padding:0;width:22px;height:22px}<\/style>\t\t<div class=\"elementor-spacer\">\n\t\t\t<div class=\"elementor-spacer-inner\"><\/div>\n\t\t<\/div>\n\t\t\t\t<\/div>\n\t\t\t\t<\/div>\n\t\t\t\t\t<\/div>\n\t\t<\/div>\n\t\t\t\t\t<\/div>\n\t\t<\/section>\n\t\t\t\t<section class=\"elementor-section elementor-top-section elementor-element elementor-element-8acced4 elementor-section-full_width elementor-section-height-default elementor-section-height-default\" data-id=\"8acced4\" data-element_type=\"section\" data-settings=\"{&quot;background_background&quot;:&quot;classic&quot;}\">\n\t\t\t\t\t\t<div class=\"elementor-container elementor-column-gap-default\">\n\t\t\t\t\t<div class=\"elementor-column elementor-col-33 elementor-top-column elementor-element elementor-element-b3ebef3\" data-id=\"b3ebef3\" data-element_type=\"column\" data-settings=\"{&quot;background_background&quot;:&quot;classic&quot;}\">\n\t\t\t<div class=\"elementor-widget-wrap elementor-element-populated\">\n\t\t\t\t\t\t<div class=\"elementor-element elementor-element-1c5aa7d elementor-widget elementor-widget-image\" data-id=\"1c5aa7d\" data-element_type=\"widget\" data-widget_type=\"image.default\">\n\t\t\t\t<div class=\"elementor-widget-container\">\n\t\t\t<style>\/*! elementor - v3.23.0 - 05-08-2024 *\/\n.elementor-widget-image{text-align:center}.elementor-widget-image a{display:inline-block}.elementor-widget-image a img[src$=\".svg\"]{width:48px}.elementor-widget-image img{vertical-align:middle;display:inline-block}<\/style>\t\t\t\t\t\t\t\t\t\t<img decoding=\"async\" width=\"255\" height=\"150\" src=\"https:\/\/bohome.ma\/orbis_agri\/wp-content\/uploads\/2024\/07\/orbis-agro-industry-certifications-logos-3.png\" class=\"attachment-large size-large wp-image-12102\" alt=\"\" \/>\t\t\t\t\t\t\t\t\t\t\t\t\t<\/div>\n\t\t\t\t<\/div>\n\t\t\t\t\t<\/div>\n\t\t<\/div>\n\t\t\t\t<div class=\"elementor-column elementor-col-33 elementor-top-column elementor-element elementor-element-3322f9a\" data-id=\"3322f9a\" data-element_type=\"column\" data-settings=\"{&quot;background_background&quot;:&quot;classic&quot;}\">\n\t\t\t<div class=\"elementor-widget-wrap elementor-element-populated\">\n\t\t\t\t\t\t<div class=\"elementor-element elementor-element-c9a6543 elementor-widget elementor-widget-image\" data-id=\"c9a6543\" data-element_type=\"widget\" data-widget_type=\"image.default\">\n\t\t\t\t<div class=\"elementor-widget-container\">\n\t\t\t\t\t\t\t\t\t\t\t\t\t<img decoding=\"async\" width=\"255\" height=\"150\" src=\"https:\/\/bohome.ma\/orbis_agri\/wp-content\/uploads\/2024\/07\/orbis-agro-industry-certifications-logos-2.png\" class=\"attachment-large size-large wp-image-12103\" alt=\"\" \/>\t\t\t\t\t\t\t\t\t\t\t\t\t<\/div>\n\t\t\t\t<\/div>\n\t\t\t\t\t<\/div>\n\t\t<\/div>\n\t\t\t\t<div class=\"elementor-column elementor-col-33 elementor-top-column elementor-element elementor-element-050a57b\" data-id=\"050a57b\" data-element_type=\"column\" data-settings=\"{&quot;background_background&quot;:&quot;classic&quot;}\">\n\t\t\t<div class=\"elementor-widget-wrap elementor-element-populated\">\n\t\t\t\t\t\t<div class=\"elementor-element elementor-element-1fee9ce elementor-widget elementor-widget-image\" data-id=\"1fee9ce\" data-element_type=\"widget\" data-widget_type=\"image.default\">\n\t\t\t\t<div class=\"elementor-widget-container\">\n\t\t\t\t\t\t\t\t\t\t\t\t\t<img decoding=\"async\" width=\"255\" height=\"150\" src=\"https:\/\/bohome.ma\/orbis_agri\/wp-content\/uploads\/2024\/07\/orbis-agro-industry-certifications-logos-4.png\" class=\"attachment-large size-large wp-image-12101\" alt=\"\" \/>\t\t\t\t\t\t\t\t\t\t\t\t\t<\/div>\n\t\t\t\t<\/div>\n\t\t\t\t\t<\/div>\n\t\t<\/div>\n\t\t\t\t\t<\/div>\n\t\t<\/section>\n\t\t\t\t<section class=\"elementor-section elementor-top-section elementor-element elementor-element-843f269 elementor-section-full_width elementor-section-height-default elementor-section-height-default\" data-id=\"843f269\" data-element_type=\"section\">\n\t\t\t\t\t\t<div class=\"elementor-container elementor-column-gap-default\">\n\t\t\t\t\t<div class=\"elementor-column elementor-col-100 elementor-top-column elementor-element elementor-element-f7d965a\" data-id=\"f7d965a\" data-element_type=\"column\">\n\t\t\t<div class=\"elementor-widget-wrap elementor-element-populated\">\n\t\t\t\t\t\t<section class=\"elementor-section elementor-inner-section elementor-element elementor-element-cd39d97 elementor-section-full_width elementor-section-height-default elementor-section-height-default\" data-id=\"cd39d97\" data-element_type=\"section\">\n\t\t\t\t\t\t<div class=\"elementor-container elementor-column-gap-default\">\n\t\t\t\t\t<div class=\"elementor-column elementor-col-50 elementor-inner-column elementor-element elementor-element-ee69a7a\" data-id=\"ee69a7a\" data-element_type=\"column\">\n\t\t\t<div class=\"elementor-widget-wrap\">\n\t\t\t\t\t\t\t<\/div>\n\t\t<\/div>\n\t\t\t\t<div class=\"elementor-column elementor-col-50 elementor-inner-column elementor-element elementor-element-c147afc\" data-id=\"c147afc\" data-element_type=\"column\">\n\t\t\t<div class=\"elementor-widget-wrap elementor-element-populated\">\n\t\t\t\t\t\t<div class=\"elementor-element elementor-element-23b91e1 elementor-widget elementor-widget-agraria_core_section_title\" data-id=\"23b91e1\" data-element_type=\"widget\" data-widget_type=\"agraria_core_section_title.default\">\n\t\t\t\t<div class=\"elementor-widget-container\">\n\t\t\t<div class=\"qodef-shortcode qodef-m  qodef-section-title qodef-alignment--left \">\n\t\t\t\t<h2 class=\"qodef-m-title\" style=\"color: #FFFFFF;margin-top: 6px\">\n\t\t\t\t\tNos Domaines d'activit\u00e9<br \/>\t\t\t<\/h2>\n\t\t<p class=\"qodef-m-description\" style=\"color: #FFFFFF\">ORBIS Agro Industry assure la production de plusieurs vari\u00e9t\u00e9s \u00e0 forte valeur ajout\u00e9e, destin\u00e9es au march\u00e9 marocain et international et regroupe \u00e9galement l\u2019ensemble des activit\u00e9s li\u00e9es \u00e0 l\u2019\u00e9levage et \u00e0 la production laiti\u00e8re<\/p>\n\t\t<div class=\"qodef-m-button\">\n\t\t<a class=\"qodef-shortcode qodef-m  qodef-button qodef-layout--filled  qodef-html--link\" href=\"https:\/\/bohome.ma\/orbis_agri\/domaines-activite\/\" target=\"_self\"  style=\"background-color: #009337\">\t<span class=\"qodef-m-text\">EN SAVOIR PLUS<\/span>    <span class=\"qodef-m-icon\"><svg class=\"qodef-svg--button-arrow\" xmlns=\"http:\/\/www.w3.org\/2000\/svg\" width=\"15.494\" height=\"14.228\" viewBox=\"0 0 15.494 14.228\"><path d=\"m8.77664801 1.48433105 5.65685425 5.65685425L8.776648 12.79803955\"\/><path d=\"M13.478201 7.11360813H.75027894\"\/><\/svg><\/span><\/a>\t<\/div>\n<\/div>\n\t\t<\/div>\n\t\t\t\t<\/div>\n\t\t\t\t\t<\/div>\n\t\t<\/div>\n\t\t\t\t\t<\/div>\n\t\t<\/section>\n\t\t\t\t\t<\/div>\n\t\t<\/div>\n\t\t\t\t\t<\/div>\n\t\t<\/section>\n\t\t\t\t<\/div>\n\t\t","protected":false},"excerpt":{"rendered":"<p>nos certifications L&#039;entreprise Orbis Agro Industry est fi\u00e8re de disposer de plusieurs certifications de qualit\u00e9 qui attestent de son engagement envers l&#039;excellence et la durabilit\u00e9. Parmi ces certifications, nous avons obtenu le GlobalGAP, qui garantit que nos pratiques agricoles r\u00e9pondent aux normes les plus strictes en mati\u00e8re de s\u00e9curit\u00e9 alimentaire, de durabilit\u00e9 environnementale et de [&hellip;]<\/p>\n","protected":false},"author":1,"featured_media":0,"parent":0,"menu_order":0,"comment_status":"closed","ping_status":"closed","template":"page-full-width.php","meta":{"om_disable_all_campaigns":false,"_monsterinsights_skip_tracking":false,"_monsterinsights_sitenote_active":false,"_monsterinsights_sitenote_note":"","_monsterinsights_sitenote_category":0,"footnotes":""},"class_list":["post-12098","page","type-page","status-publish","hentry"],"_links":{"self":[{"href":"https:\/\/bohome.ma\/orbis_agri\/wp-json\/wp\/v2\/pages\/12098","targetHints":{"allow":["GET"]}}],"collection":[{"href":"https:\/\/bohome.ma\/orbis_agri\/wp-json\/wp\/v2\/pages"}],"about":[{"href":"https:\/\/bohome.ma\/orbis_agri\/wp-json\/wp\/v2\/types\/page"}],"author":[{"embeddable":true,"href":"https:\/\/bohome.ma\/orbis_agri\/wp-json\/wp\/v2\/users\/1"}],"replies":[{"embeddable":true,"href":"https:\/\/bohome.ma\/orbis_agri\/wp-json\/wp\/v2\/comments?post=12098"}],"version-history":[{"count":13,"href":"https:\/\/bohome.ma\/orbis_agri\/wp-json\/wp\/v2\/pages\/12098\/revisions"}],"predecessor-version":[{"id":12386,"href":"https:\/\/bohome.ma\/orbis_agri\/wp-json\/wp\/v2\/pages\/12098\/revisions\/12386"}],"wp:attachment":[{"href":"https:\/\/bohome.ma\/orbis_agri\/wp-json\/wp\/v2\/media?parent=12098"}],"curies":[{"name":"wp","href":"https:\/\/api.w.org\/{rel}","templated":true}]}}