{"id":3,"date":"2024-07-13T02:21:20","date_gmt":"2024-07-13T00:21:20","guid":{"rendered":"https:\/\/bohome.ma\/orbis_agri\/?page_id=3"},"modified":"2024-08-01T15:31:20","modified_gmt":"2024-08-01T13:31:20","slug":"conditions-generales-dutilisation","status":"publish","type":"page","link":"https:\/\/bohome.ma\/orbis_agri\/en\/conditions-generales-dutilisation\/","title":{"rendered":"Terms &amp; Conditions"},"content":{"rendered":"<div data-elementor-type=\"wp-page\" data-elementor-id=\"3\" class=\"elementor elementor-3\">\n\t\t\t\t<div class=\"elementor-element elementor-element-26ba05 e-flex e-con-boxed e-con e-parent\" data-id=\"26ba05\" data-element_type=\"container\">\n\t\t\t\t\t<div class=\"e-con-inner\">\n\t\t\t\t<div class=\"elementor-element elementor-element-110c3a44 elementor-widget elementor-widget-text-editor\" data-id=\"110c3a44\" data-element_type=\"widget\" data-widget_type=\"text-editor.default\">\n\t\t\t\t<div class=\"elementor-widget-container\">\n\t\t\t<style>\/*! elementor - v3.23.0 - 05-08-2024 *\/\n.elementor-widget-text-editor.elementor-drop-cap-view-stacked .elementor-drop-cap{background-color:#69727d;color:#fff}.elementor-widget-text-editor.elementor-drop-cap-view-framed .elementor-drop-cap{color:#69727d;border:3px solid;background-color:transparent}.elementor-widget-text-editor:not(.elementor-drop-cap-view-default) .elementor-drop-cap{margin-top:8px}.elementor-widget-text-editor:not(.elementor-drop-cap-view-default) .elementor-drop-cap-letter{width:1em;height:1em}.elementor-widget-text-editor .elementor-drop-cap{float:left;text-align:center;line-height:1;font-size:50px}.elementor-widget-text-editor .elementor-drop-cap-letter{display:inline-block}<\/style>\t\t\t\t<!-- wp:paragraph -->\n<p>You are currently connected to the site \u201chttps:\/\/www.orbisagroindustry.ma\u201d which is published by ORBIS AGRO INDUSTRY. By accessing this site or downloading materials from the website, you agree to be bound by these terms and conditions of use.<\/p>\n<!-- \/wp:paragraph --><!-- wp:heading {\"level\":3} -->\n<h3 class=\"wp-block-heading\">General presentation<\/h3>\n<!-- \/wp:heading --><!-- wp:paragraph -->\n<p>ORBIS AGRO INDUSTRY, Limited company, with capital of 80,015,000 DH, registered in the Rabat Trade Register under No. 68075, whose head office is located at, 24, Rue Mohamed El Ghazi, Olm Souissi-Rabat \u2013 Morocco, represented by Mr. Rida REGUIAI,\u00a0General Director.\u00a0\u00a0<\/p>\n<p><!-- \/wp:paragraph --><!-- wp:heading {\"level\":3} --><\/p>\n<h3 class=\"wp-block-heading\">Property rights<\/h3>\n<p><!-- \/wp:heading --><!-- wp:paragraph --><\/p>\n<p>All reproduction and representation rights are reserved to ORBIS AGRO INDUSTRY.<\/p>\n<p><!-- \/wp:paragraph --><!-- wp:paragraph --><\/p>\n<p>The site\u00a0<a href=\"http:\/\/www.orbisagroindustry.ma\/\">www.orbisagroindustry.ma<\/a>\u00a0constitutes a protected work under intellectual property whose rights belong to ORBIS AGRO INDUSTRY.<\/p>\n<p><!-- \/wp:paragraph --><!-- wp:paragraph --><\/p>\n<p>The data and information appearing on the site such as brands, logos, graphics, photographs, etc. are also the property of ORBIS AGRO INDUSTRY.\u00a0<\/p>\n<p><!-- \/wp:paragraph --><!-- wp:paragraph --><\/p>\n<p>Any partial or total reproduction or representation or more generally any exploitation, not expressly authorized, of this site or of one or more elements disclosed on this site, is prohibited and may result in legal proceedings, in particular for counterfeiting.<\/p>\n<p><!-- \/wp:paragraph --><!-- wp:paragraph --><\/p>\n<p>The site and its content are intended for the strictly personal use of Internet users and may not be reproduced or communicated to third parties, in whole or in part, for commercial or non-commercial purposes.<\/p>\n<p><!-- \/wp:paragraph --><!-- wp:paragraph --><\/p>\n<p>In particular, users are not authorized to:<\/p>\n<p><!-- \/wp:paragraph --><!-- wp:list --><\/p>\n<ul class=\"wp-block-list\"><!-- wp:list-item -->\n<li>Modify, disassemble or arrange this site, its content and\/or the software used there,<\/li>\n<li>Remove or attempt to remove copyright notices and names of people mentioned on the site,<\/li>\n<li>Create a link from any page or element on the Internet or any other network to any image or notice appearing on this site.<\/li>\n<li>Collect, capture, distort or use data to which they may have had access through the site.<\/li>\n<!-- \/wp:list-item --><\/ul>\n<p><!-- \/wp:list --><!-- wp:list --><\/p>\n<ul class=\"wp-block-list\"><!-- wp:list-item --><!-- \/wp:list-item --><\/ul>\n<p><!-- \/wp:list --><!-- wp:list --><\/p>\n<ul class=\"wp-block-list\"><!-- wp:list-item --><!-- \/wp:list-item --><\/ul>\n<p><!-- \/wp:list --><!-- wp:list --><\/p>\n<ul class=\"wp-block-list\"><!-- wp:list-item --><!-- \/wp:list-item --><\/ul>\n<p><!-- \/wp:list --><!-- wp:paragraph --><\/p>\n<p>The user assumes all consequences that may result from his connection to this site, he acknowledges having the skills and means necessary to access and use this site.<\/p>\n<p><!-- \/wp:paragraph --><!-- wp:heading {\"level\":3} --><\/p>\n<h3 class=\"wp-block-heading\">Usage &amp; Content<\/h3>\n<p><!-- \/wp:heading --><!-- wp:paragraph --><\/p>\n<p>The ORBIS AGRO INDUSTRY website is published from Morocco. The products and services presented are offered on Moroccan territory.\u00a0\u00a0<\/p>\n<p><!-- \/wp:paragraph --><!-- wp:paragraph --><\/p>\n<p>Certain products or services mentioned on this site may not be available for certain categories of users or in certain parts of the territory.<\/p>\n<p><!-- \/wp:paragraph --><!-- wp:paragraph --><\/p>\n<p>Access to products and services possibly presented on the site may be subject to restrictions for certain people or in certain countries.\u00a0<\/p>\n<p><!-- \/wp:paragraph --><!-- wp:paragraph --><\/p>\n<p>None of the products and\/or services presented will be provided by ORBIS AGRO INDUSTRY to a person if the law of their country of origin or any other country which concerns them prohibits it.<\/p>\n<p><!-- \/wp:paragraph --><!-- wp:paragraph --><\/p>\n<p>It is up to any interested person to check in advance with their usual advisors that their legal and tax status allows them to subscribe to the products presented on the site.<\/p>\n<p><!-- \/wp:paragraph --><!-- wp:paragraph --><\/p>\n<p>The information contained on this site cannot in any way constitute an offer from ORBIS AGRO INDUSTRY.\u00a0<\/p>\n<p><!-- \/wp:paragraph --><!-- wp:paragraph --><\/p>\n<p>The information disseminated, where applicable the prices presented, are communicated for informational and indicative purposes only.<\/p>\n<p><!-- \/wp:paragraph --><!-- wp:paragraph --><\/p>\n<p>This information cannot be considered as advice. They do not imply any legal commitment or contractual agreement on the part of ORBIS AGRO INDUSTRY which also reserves the right to modify their characteristics at any time.\u00a0<\/p>\n<p><!-- \/wp:paragraph --><!-- wp:paragraph --><\/p>\n<p>ORBIS AGRO INDUSTRY strives to ensure as best as possible the operation and security of the website as well as the accuracy and regular updating of the information disseminated there.\u00a0\u00a0<\/p>\n<p><!-- \/wp:paragraph --><!-- wp:paragraph --><\/p>\n<p>ORBIS AGRO INDUSTRY therefore reserves the right to interrupt this site and correct its content.\u00a0<\/p>\n<p><!-- \/wp:paragraph --><!-- wp:paragraph --><\/p>\n<p>ORBIS AGRO INDUSTRY makes every effort to present available and verified information, products and\/or tools to users, but cannot be held responsible for errors, unavailability of the site or information, products presented and\/or of the presence of viruses on its site.\u00a0\u00a0<\/p>\n<p><!-- \/wp:paragraph --><!-- wp:paragraph --><\/p>\n<p>ORBIS AGRO INDUSTRY further declines any liability in particular:\u00a0<\/p>\n<p><!-- \/wp:paragraph --><!-- wp:list --><\/p>\n<ul class=\"wp-block-list\"><!-- wp:list-item -->\n<li>For any inaccuracies and\/or omissions and\/or errors relating to information available on this site,<\/li>\n<!-- \/wp:list-item --><!-- wp:list-item -->\n<li>For all damage and\/or deterioration and\/or malfunction caused by the intrusion of a virus or the fraudulent intrusion of a third party into users' computer systems, whether during a download of data from the site or by simple connection to the site, for all damages,<\/li>\n<!-- \/wp:list-item --><\/ul>\n<p><!-- \/wp:list --><!-- wp:list --><\/p>\n<ul class=\"wp-block-list\"><!-- wp:list-item -->\n<li>And in general for all direct or indirect damage and\/or harm whatever the causes, origins, nature or consequences, caused by anyone's access to this site or the inability to access it, as well as the use of the site and\/or the credit given to any information coming directly or indirectly from the latter.\u00a0\u00a0<\/li>\n<!-- \/wp:list-item --><\/ul>\n<div>\n<p><span lang=\"FR\">The user acknowledges using the site and its content under his exclusive responsibility.<\/span><\/p>\n<h3><span style=\"color: #162e09; font-family: 'Bebas Neue', sans-serif; font-size: 50px; text-transform: uppercase;\">Personal data<\/span><\/h3>\n<\/div>\n<p><!-- \/wp:heading --><!-- wp:paragraph --><\/p>\n<div>\n<p><span lang=\"FR\">ORBIS AGRO INDUSTRY may collect and process personal data communicated by users in order to respond to requests expressed. \u00a0<\/span><\/p>\n<\/div>\n<div>\n<p><span lang=\"FR\">The user acknowledges that his personal data, which he himself communicated, is necessary for the processing of his request and agrees to communicate it for this processing.<\/span><\/p>\n<\/div>\n<div>\n<p><span lang=\"FR\">The user also expressly consents to his personal data being kept and used by ORBIS AGRO INDUSTRY for direct prospecting purposes, by the use of any means. \u00a0<\/span><\/p>\n<\/div>\n<div>\n<p><span lang=\"FR\">The user may, however, terminate this use at any time by informing ORBIS AGRO INDUSTRY at the address of its head office mentioned below: <\/span><\/p>\n<\/div>\n<div>\n<p><span lang=\"FR\">24, Rue Mohamed El Ghazi, Olm Souissi-Rabat \u2013 Morocco\u00a0<\/span><\/p>\n<\/div>\n<div>\n<p><span lang=\"FR\">In addition, under the provisions of Law No. 09-08 relating to the protection of individuals with regard to the processing of personal data, the user can exercise at any time their right of access, rectification and opposition by mail addressed to the head office of ORBIS AGRO INDUSTRY. As previously indicated. <\/span><\/p>\n<\/div>\n<p><!-- \/wp:paragraph --><!-- wp:heading --><\/p>\n<h3>Hyperlinks<\/h3>\n<p><!-- \/wp:heading --><!-- wp:paragraph --><\/p>\n<div>\n<p><span lang=\"FR\">The presence of hypertext links on the site is exclusively intended to facilitate the navigation of Internet users towards the sites of other partner or non-ORBIS AGRO INDUSTRY companies. <\/span><\/p>\n<\/div>\n<div>\n<p><span lang=\"FR\">These hypertext links set up within the framework of this site towards other sites present on Internet networks cannot therefore engage the responsibility of ORBIS AGRO INDUSTRY.<\/span><\/p>\n<\/div>\n<div>\n<p><span lang=\"FR\">The existence of links to another site does not constitute validation of this site or its content.<\/span><\/p>\n<\/div>\n<div>\n<p><span lang=\"FR\">It is up to the Internet user to use the information made available with discernment and critical thinking.<\/span><\/p>\n<\/div>\n<div>\n<p><span lang=\"FR\">ORBIS AGRO INDUSTRY cannot be held responsible for the information or recommendations made by these third parties. <\/span><\/p>\n<\/div>\n<div>\n<p><span lang=\"FR\">Please note that there are risks inherent to the electronic transmission of information; delays, omissions or inaccuracies may occur.<\/span><\/p>\n<\/div>\n<div>\n<p><span lang=\"FR\">No user of the site may set up a hyperlink to this site without the express prior written authorization of ORBIS AGRO INDUSTRY.<\/span><\/p>\n<\/div>\n<p><!-- \/wp:paragraph --><!-- wp:heading --><\/p>\n<h3>Disputes \u2013 Applicable law<\/h3>\n<p><!-- \/wp:heading --><!-- wp:paragraph --><\/p>\n<div>\n<p><span lang=\"FR\">Failure to comply with these provisions exposes the offender to prosecution and criminal sanctions. <\/span><\/p>\n<\/div>\n<div>\n<p><span lang=\"FR\">This text is governed and interpreted according to Moroccan law and falls under the exclusive jurisdiction of the competent courts of Rabat.<\/span><\/p>\n<\/div>\n<div>\n<p><span lang=\"FR\">If one of the provisions of this text proves to be void, invalid or without legal effect, all other provisions will remain applicable.<\/span><\/p>\n<\/div>\n<p><!-- \/wp:paragraph --><\/p>\t\t\t\t\t\t<\/div>\n\t\t\t\t<\/div>\n\t\t\t\t\t<\/div>\n\t\t\t\t<\/div>\n\t\t\t\t<\/div>","protected":false},"excerpt":{"rendered":"<p>Vous \u00eates actuellement connect\u00e9s au site\u00a0\u00ab\u00a0https:\/\/www.orbisagroindustry.ma\u00a0\u00bb qui est \u00e9dit\u00e9 par ORBIS AGRO INDUSTRY. En acc\u00e9dant \u00e0 ce site ou en t\u00e9l\u00e9chargeant des \u00e9l\u00e9ments du site web, vous acceptez d\u2019\u00eatre li\u00e9s par les pr\u00e9sentes conditions g\u00e9n\u00e9rales d\u2019utilisation. Pr\u00e9sentation g\u00e9n\u00e9rale ORBIS AGRO INDUSTRY, Soci\u00e9t\u00e9 anonyme, au capital de 80.015.000 DH, immatricul\u00e9e au Registre de Commerce de Rabat [&hellip;]<\/p>","protected":false},"author":1,"featured_media":0,"parent":0,"menu_order":0,"comment_status":"closed","ping_status":"open","template":"","meta":{"om_disable_all_campaigns":false,"_monsterinsights_skip_tracking":false,"_monsterinsights_sitenote_active":false,"_monsterinsights_sitenote_note":"","_monsterinsights_sitenote_category":0,"footnotes":""},"class_list":["post-3","page","type-page","status-publish","hentry"],"_links":{"self":[{"href":"https:\/\/bohome.ma\/orbis_agri\/en\/wp-json\/wp\/v2\/pages\/3","targetHints":{"allow":["GET"]}}],"collection":[{"href":"https:\/\/bohome.ma\/orbis_agri\/en\/wp-json\/wp\/v2\/pages"}],"about":[{"href":"https:\/\/bohome.ma\/orbis_agri\/en\/wp-json\/wp\/v2\/types\/page"}],"author":[{"embeddable":true,"href":"https:\/\/bohome.ma\/orbis_agri\/en\/wp-json\/wp\/v2\/users\/1"}],"replies":[{"embeddable":true,"href":"https:\/\/bohome.ma\/orbis_agri\/en\/wp-json\/wp\/v2\/comments?post=3"}],"version-history":[{"count":7,"href":"https:\/\/bohome.ma\/orbis_agri\/en\/wp-json\/wp\/v2\/pages\/3\/revisions"}],"predecessor-version":[{"id":12413,"href":"https:\/\/bohome.ma\/orbis_agri\/en\/wp-json\/wp\/v2\/pages\/3\/revisions\/12413"}],"wp:attachment":[{"href":"https:\/\/bohome.ma\/orbis_agri\/en\/wp-json\/wp\/v2\/media?parent=3"}],"curies":[{"name":"wp","href":"https:\/\/api.w.org\/{rel}","templated":true}]}}