{"id":1499,"date":"2023-03-23T08:39:42","date_gmt":"2023-03-23T08:39:42","guid":{"rendered":"https:\/\/agraria.qodeinteractive.com\/?page_id=1499"},"modified":"2024-07-31T16:48:34","modified_gmt":"2024-07-31T14:48:34","slug":"formation-education","status":"publish","type":"page","link":"https:\/\/bohome.ma\/orbis_agri\/en\/formation-education\/","title":{"rendered":"Training and Education"},"content":{"rendered":"<div data-elementor-type=\"wp-page\" data-elementor-id=\"1499\" class=\"elementor elementor-1499\">\n\t\t\t\t\t\t<section class=\"elementor-section elementor-top-section elementor-element elementor-element-3c278c8 elementor-section-full_width elementor-section-height-default elementor-section-height-default\" data-id=\"3c278c8\" data-element_type=\"section\" data-settings=\"{&quot;background_background&quot;:&quot;classic&quot;}\">\n\t\t\t\t\t\t<div class=\"elementor-container elementor-column-gap-default\">\n\t\t\t\t\t<div class=\"elementor-column elementor-col-50 elementor-top-column elementor-element elementor-element-35e15b6\" data-id=\"35e15b6\" data-element_type=\"column\">\n\t\t\t<div class=\"elementor-widget-wrap elementor-element-populated\">\n\t\t\t\t\t\t<div class=\"elementor-element elementor-element-274bb25 elementor-widget elementor-widget-agraria_core_section_title\" data-id=\"274bb25\" data-element_type=\"widget\" data-widget_type=\"agraria_core_section_title.default\">\n\t\t\t\t<div class=\"elementor-widget-container\">\n\t\t\t<div class=\"qodef-shortcode qodef-m  qodef-section-title qodef-alignment--left\">\n\t\t\t\t<h2 class=\"qodef-m-title\" style=\"margin-top: 6px\">\n\t\t\t\t\tTraining and Education\t\t\t<\/h2>\n\t\t<p class=\"qodef-m-description\" >Orbis Agro Industry believes in continuous training of its employees and local farmers.<\/p>\n\t<\/div>\n\t\t<\/div>\n\t\t\t\t<\/div>\n\t\t\t\t<div class=\"elementor-element elementor-element-74e640f elementor-widget elementor-widget-image\" data-id=\"74e640f\" data-element_type=\"widget\" data-widget_type=\"image.default\">\n\t\t\t\t<div class=\"elementor-widget-container\">\n\t\t\t<style>\/*! elementor - v3.23.0 - 05-08-2024 *\/\n.elementor-widget-image{text-align:center}.elementor-widget-image a{display:inline-block}.elementor-widget-image a img[src$=\".svg\"]{width:48px}.elementor-widget-image img{vertical-align:middle;display:inline-block}<\/style>\t\t\t\t\t\t\t\t\t\t<img fetchpriority=\"high\" decoding=\"async\" width=\"880\" height=\"948\" src=\"https:\/\/bohome.ma\/orbis_agri\/wp-content\/uploads\/2024\/07\/orbis-agro-industry-formations-img.jpg\" class=\"attachment-large size-large wp-image-12091\" alt=\"\" srcset=\"https:\/\/bohome.ma\/orbis_agri\/wp-content\/uploads\/2024\/07\/orbis-agro-industry-formations-img.jpg 880w, https:\/\/bohome.ma\/orbis_agri\/wp-content\/uploads\/2024\/07\/orbis-agro-industry-formations-img-278x300.jpg 278w, https:\/\/bohome.ma\/orbis_agri\/wp-content\/uploads\/2024\/07\/orbis-agro-industry-formations-img-768x827.jpg 768w, https:\/\/bohome.ma\/orbis_agri\/wp-content\/uploads\/2024\/07\/orbis-agro-industry-formations-img-600x646.jpg 600w\" sizes=\"(max-width: 880px) 100vw, 880px\" \/>\t\t\t\t\t\t\t\t\t\t\t\t\t<\/div>\n\t\t\t\t<\/div>\n\t\t\t\t\t<\/div>\n\t\t<\/div>\n\t\t\t\t<div class=\"elementor-column elementor-col-50 elementor-top-column elementor-element elementor-element-8f18410\" data-id=\"8f18410\" data-element_type=\"column\">\n\t\t\t<div class=\"elementor-widget-wrap elementor-element-populated\">\n\t\t\t\t\t\t<div class=\"elementor-element elementor-element-f973e43 elementor-widget elementor-widget-agraria_core_icon_with_text\" data-id=\"f973e43\" data-element_type=\"widget\" data-widget_type=\"agraria_core_icon_with_text.default\">\n\t\t\t\t<div class=\"elementor-widget-container\">\n\t\t\t<div class=\"qodef-shortcode qodef-m  qodef-icon-with-text qodef-layout--top qodef--icon-pack  qodef-alignment--left\">\n\t<div class=\"qodef-m-icon-wrapper\">\n\t\t<span class=\"qodef-shortcode qodef-m  qodef-icon-holder qodef-size--small qodef-layout--normal\"  >\t\t\t<span class=\"qodef-icon-font-awesome fa fa-arrow-trend-up qodef-icon qodef-e\" style=\"color: #009337\" ><\/span>\t<\/span>\t<\/div>\n\t<div class=\"qodef-m-content\">\n\t\t\t<h5 class=\"qodef-m-title\" style=\"margin-top: 16px\">\n\t\t\t\t\t<span class=\"qodef-m-title-text\">Training Programs<\/span>\n\t\t\t<\/h5>\n\t\t\t<p class=\"qodef-m-text\" >Regular training programs are organized for agricultural workers, covering new technologies, sustainable practices and crop management techniques.<\/p>\n\t<\/div>\n<\/div>\n\t\t<\/div>\n\t\t\t\t<\/div>\n\t\t\t\t<div class=\"elementor-element elementor-element-2c1ff57 elementor-widget elementor-widget-agraria_core_icon_with_text\" data-id=\"2c1ff57\" data-element_type=\"widget\" data-widget_type=\"agraria_core_icon_with_text.default\">\n\t\t\t\t<div class=\"elementor-widget-container\">\n\t\t\t<div class=\"qodef-shortcode qodef-m  qodef-icon-with-text qodef-layout--top qodef--icon-pack  qodef-alignment--left\">\n\t<div class=\"qodef-m-icon-wrapper\">\n\t\t<span class=\"qodef-shortcode qodef-m  qodef-icon-holder qodef-size--small qodef-layout--normal\"  >\t\t\t<span class=\"qodef-icon-font-awesome fa fa-check qodef-icon qodef-e\" style=\"color: #009337\" ><\/span>\t<\/span>\t<\/div>\n\t<div class=\"qodef-m-content\">\n\t\t\t<h5 class=\"qodef-m-title\" style=\"margin-top: 16px\">\n\t\t\t\t\t<span class=\"qodef-m-title-text\">Workshops and Seminars <\/span>\n\t\t\t<\/h5>\n\t\t\t<p class=\"qodef-m-text\" >Workshops and seminars are held to share knowledge and best practices with the local agricultural community, thereby contributing to the spread of innovation and sustainable techniques.<\/p>\n\t<\/div>\n<\/div>\n\t\t<\/div>\n\t\t\t\t<\/div>\n\t\t\t\t\t<\/div>\n\t\t<\/div>\n\t\t\t\t\t<\/div>\n\t\t<\/section>\n\t\t\t\t<section class=\"elementor-section elementor-top-section elementor-element elementor-element-8acced4 elementor-section-full_width elementor-section-height-default elementor-section-height-default\" data-id=\"8acced4\" data-element_type=\"section\" data-settings=\"{&quot;background_background&quot;:&quot;classic&quot;}\">\n\t\t\t\t\t\t<div class=\"elementor-container elementor-column-gap-default\">\n\t\t\t\t\t<div class=\"elementor-column elementor-col-100 elementor-top-column elementor-element elementor-element-b3ebef3\" data-id=\"b3ebef3\" data-element_type=\"column\" data-settings=\"{&quot;background_background&quot;:&quot;classic&quot;}\">\n\t\t\t<div class=\"elementor-widget-wrap elementor-element-populated\">\n\t\t\t\t\t\t<section class=\"elementor-section elementor-inner-section elementor-element elementor-element-4c971ec elementor-section-full_width qodef-elementor-content-grid qodef-extended-grid qodef-extended-grid--left qodef-extended-grid-disabled--1024 elementor-section-height-default elementor-section-height-default\" data-id=\"4c971ec\" data-element_type=\"section\" data-settings=\"{&quot;background_background&quot;:&quot;classic&quot;}\">\n\t\t\t\t\t\t<div class=\"elementor-container elementor-column-gap-default\">\n\t\t\t\t\t<div class=\"elementor-column elementor-col-50 elementor-inner-column elementor-element elementor-element-9dc0ced\" data-id=\"9dc0ced\" data-element_type=\"column\">\n\t\t\t<div class=\"elementor-widget-wrap elementor-element-populated\">\n\t\t\t\t\t\t<div class=\"elementor-element elementor-element-50fd790 elementor-widget elementor-widget-agraria_core_background_svg\" data-id=\"50fd790\" data-element_type=\"widget\" data-widget_type=\"agraria_core_background_svg.default\">\n\t\t\t\t<div class=\"elementor-widget-container\">\n\t\t\t<div class=\"qodef-shortcode qodef-m  qodef-background-svg qodef-layout--milk  qodef-hidden--on-mobile qodef-has-appear\" >\n\t<div class=\"qodef-e qodef-m-svg qodef-background-svg-195\" style=\"width: 600px;stroke: #009337;top: 0px;left: 10%\" >\n\t\t<svg class=\"qodef-svg--milk\" xmlns=\"http:\/\/www.w3.org\/2000\/svg\" width=\"473.781\" height=\"314.266\"\n\t\t     viewbox=\"0 0 473.781 314.266\" style=\"\">\n\t\t\t<path d=\"M-11805.964-210.8s135.419,1.628,149.552.372,24.813-3.769,28.109-9.579,3.769-13.976,3.769-13.976-11.149,12.092-31.878,11.149-28.895-5.81-32.663-9.736-1.1,12.563,4.554,15.232,13.662,5.025,14.6,4.4-1.727-1.413-9.265-5.5-9.58-12.563-10.836-22.927-11.061-105.367-12.1-117.442-4.485-23.46,6.555-28.29,40.366-8.625,60.721-4.14,20.349,7.286,21.291,9.17-.472,12.249-37.217,15.232-47.424-9.736-46.639-9.893,12.877,5.025,29.522,5.182,31.563.314,42.87-4.24,13.033-5.81,13.19-4.868-.784,35.018-2.826,41.457-8.323,22.613-45.383,19.943-36.042-16.174-35.53-20.571,11.034-15.7,38.2-13.662,34.391,6.438,38.159,11.935,4.554,10.521,2.826,22.927-9.413,77.574-8.161,78.831,11.3-2.041,14.6.942,16.488,18.687,19,16.017.63-234.765,1.258-236.649-.629-4.711,23.712,4.24,48.366,16.174,50.094,13.034-.628-8.166,9.579-15.7,30.307-21.042,31.563-23.869,4.712-14.447,2.042-17.274-16.646-2.827-38.159-8.48-37.846-11.464-40.2-9.736-2.826,12.563-2.983,14.918-32.663,33.762-33.134,35.49,9.107,3.141,21.2-6.909,10.208-8.48,9.894-13.348,2.2-15.232,18.216-16.331,21.357,4.24,23.084,8.48-2.513,12.877-18.373,13.191-20.886-3.6-20.886-3.6-1.141,2.419,1.114,7.478,5.663,12.426,22.268,11.216,19.606-8.039,19.8-11.783-2.37-15.824,0-17.636,26.528,5.218,45.735,14.326,25.914,13.637,28.568,17.087,1.593,10.085,1.593,63.958-1.062,171.174-1.593,173.828-23.354,11.146-38.48,14.6-36.624,6.9-38.747,3.715-2.652-229.293.8-231.682,37.95-14.567,55.2-17.633,19.373-4.851,19.373-1.57-.266,22.123-14.065,31.146-16.188,12.739-9.819,28.927,6.821,26.008-2.826,30.254-20-8.6-14.689-22.08,1.857-23.832-4.246-20.382-5.573,12.208-15.127,18.842-19.639-.265-24.946,6.369.266,22.292-2.919,27.335-10.086,5.573-12.739,11.942-.777,10.881-11.27,13-17.393-.531-24.558,22.292-11.146,85.454-7.961,87.047a188.857,188.857,0,0,0,56.527,18.312c30.254,4.512,194.793-3.715,194.793-3.715\"\n\t\t\t      transform=\"translate(11805.976 518.368)\"><\/path>\n\t\t<\/svg>\n\t<\/div>\n<\/div>\n\t\t<\/div>\n\t\t\t\t<\/div>\n\t\t\t\t\t<\/div>\n\t\t<\/div>\n\t\t\t\t<div class=\"elementor-column elementor-col-50 elementor-inner-column elementor-element elementor-element-d6bfa8b\" data-id=\"d6bfa8b\" data-element_type=\"column\">\n\t\t\t<div class=\"elementor-widget-wrap elementor-element-populated\">\n\t\t\t\t\t\t<div class=\"elementor-element elementor-element-6e0375e elementor-widget elementor-widget-agraria_core_section_title\" data-id=\"6e0375e\" data-element_type=\"widget\" data-widget_type=\"agraria_core_section_title.default\">\n\t\t\t\t<div class=\"elementor-widget-container\">\n\t\t\t<div class=\"qodef-shortcode qodef-m  qodef-section-title qodef-alignment--left\">\n\t\t\t\t<h2 class=\"qodef-m-title\" >\n\t\t\t\t\tCERTIFICATIONS\t\t\t<\/h2>\n\t\t<p class=\"qodef-m-description\" >Orbis Agro Industry is proud to have several quality certifications that attest to its commitment to excellence and sustainability. <\/p>\n\t\t<div class=\"qodef-m-button\">\n\t\t<a class=\"qodef-shortcode qodef-m  qodef-button qodef-layout--filled  qodef-html--link\" href=\"https:\/\/bohome.ma\/orbis_agri\/en\/certifications\/\" target=\"_self\"  style=\"background-color: #009337;margin: 10px 0px 0px\">\t<span class=\"qodef-m-text\">LEARN MORE<\/span>    <span class=\"qodef-m-icon\"><svg class=\"qodef-svg--button-arrow\" xmlns=\"http:\/\/www.w3.org\/2000\/svg\" width=\"15.494\" height=\"14.228\" viewbox=\"0 0 15.494 14.228\"><path d=\"m8.77664801 1.48433105 5.65685425 5.65685425L8.776648 12.79803955\"\/><path d=\"M13.478201 7.11360813H.75027894\"\/><\/svg><\/span><\/a>\t<\/div>\n<\/div>\n\t\t<\/div>\n\t\t\t\t<\/div>\n\t\t\t\t\t<\/div>\n\t\t<\/div>\n\t\t\t\t\t<\/div>\n\t\t<\/section>\n\t\t\t\t\t<\/div>\n\t\t<\/div>\n\t\t\t\t\t<\/div>\n\t\t<\/section>\n\t\t\t\t<section class=\"elementor-section elementor-top-section elementor-element elementor-element-843f269 elementor-section-full_width elementor-section-height-default elementor-section-height-default\" data-id=\"843f269\" data-element_type=\"section\">\n\t\t\t\t\t\t<div class=\"elementor-container elementor-column-gap-default\">\n\t\t\t\t\t<div class=\"elementor-column elementor-col-100 elementor-top-column elementor-element elementor-element-f7d965a\" data-id=\"f7d965a\" data-element_type=\"column\">\n\t\t\t<div class=\"elementor-widget-wrap elementor-element-populated\">\n\t\t\t\t\t\t<section class=\"elementor-section elementor-inner-section elementor-element elementor-element-cd39d97 elementor-section-full_width elementor-section-height-default elementor-section-height-default\" data-id=\"cd39d97\" data-element_type=\"section\">\n\t\t\t\t\t\t<div class=\"elementor-container elementor-column-gap-default\">\n\t\t\t\t\t<div class=\"elementor-column elementor-col-50 elementor-inner-column elementor-element elementor-element-ee69a7a elementor-hidden-mobile\" data-id=\"ee69a7a\" data-element_type=\"column\">\n\t\t\t<div class=\"elementor-widget-wrap\">\n\t\t\t\t\t\t\t<\/div>\n\t\t<\/div>\n\t\t\t\t<div class=\"elementor-column elementor-col-50 elementor-inner-column elementor-element elementor-element-c147afc\" data-id=\"c147afc\" data-element_type=\"column\">\n\t\t\t<div class=\"elementor-widget-wrap elementor-element-populated\">\n\t\t\t\t\t\t<div class=\"elementor-element elementor-element-23b91e1 elementor-widget elementor-widget-agraria_core_section_title\" data-id=\"23b91e1\" data-element_type=\"widget\" data-widget_type=\"agraria_core_section_title.default\">\n\t\t\t\t<div class=\"elementor-widget-container\">\n\t\t\t<div class=\"qodef-shortcode qodef-m  qodef-section-title qodef-alignment--left\">\n\t\t\t\t<h2 class=\"qodef-m-title\" style=\"color: #FFFFFF;margin-top: 6px\">\n\t\t\t\t\tOur Business Areas<br \/>\t\t\t<\/h2>\n\t\t<p class=\"qodef-m-description\" style=\"color: #FFFFFF\">ORBIS Agro Industry ensures the production of several varieties with high added value, intended for the Moroccan and international market and also brings together all activities linked to breeding and dairy production.<\/p>\n\t\t<div class=\"qodef-m-button\">\n\t\t<a class=\"qodef-shortcode qodef-m  qodef-button qodef-layout--filled  qodef-html--link\" href=\"https:\/\/bohome.ma\/orbis_agri\/en\/domaines-activite\/\" target=\"_self\"  >\t<span class=\"qodef-m-text\">LEARN MORE<\/span>    <span class=\"qodef-m-icon\"><svg class=\"qodef-svg--button-arrow\" xmlns=\"http:\/\/www.w3.org\/2000\/svg\" width=\"15.494\" height=\"14.228\" viewbox=\"0 0 15.494 14.228\"><path d=\"m8.77664801 1.48433105 5.65685425 5.65685425L8.776648 12.79803955\"\/><path d=\"M13.478201 7.11360813H.75027894\"\/><\/svg><\/span><\/a>\t<\/div>\n<\/div>\n\t\t<\/div>\n\t\t\t\t<\/div>\n\t\t\t\t\t<\/div>\n\t\t<\/div>\n\t\t\t\t\t<\/div>\n\t\t<\/section>\n\t\t\t\t\t<\/div>\n\t\t<\/div>\n\t\t\t\t\t<\/div>\n\t\t<\/section>\n\t\t\t\t<\/div>","protected":false},"excerpt":{"rendered":"<p>Formation et \u00c9ducation Orbis Agro Industry croit en la formation continue de ses employ\u00e9s et des agriculteurs locaux. Programmes de Formation Des programmes de formation r\u00e9guliers sont organis\u00e9s pour les travailleurs agricoles, couvrant les nouvelles technologies, les pratiques durables et les techniques de gestion des cultures. Ateliers et S\u00e9minaires Des ateliers et des s\u00e9minaires sont [&hellip;]<\/p>","protected":false},"author":1,"featured_media":0,"parent":0,"menu_order":0,"comment_status":"closed","ping_status":"closed","template":"page-full-width.php","meta":{"om_disable_all_campaigns":false,"_monsterinsights_skip_tracking":false,"_monsterinsights_sitenote_active":false,"_monsterinsights_sitenote_note":"","_monsterinsights_sitenote_category":0,"footnotes":""},"class_list":["post-1499","page","type-page","status-publish","hentry"],"_links":{"self":[{"href":"https:\/\/bohome.ma\/orbis_agri\/en\/wp-json\/wp\/v2\/pages\/1499","targetHints":{"allow":["GET"]}}],"collection":[{"href":"https:\/\/bohome.ma\/orbis_agri\/en\/wp-json\/wp\/v2\/pages"}],"about":[{"href":"https:\/\/bohome.ma\/orbis_agri\/en\/wp-json\/wp\/v2\/types\/page"}],"author":[{"embeddable":true,"href":"https:\/\/bohome.ma\/orbis_agri\/en\/wp-json\/wp\/v2\/users\/1"}],"replies":[{"embeddable":true,"href":"https:\/\/bohome.ma\/orbis_agri\/en\/wp-json\/wp\/v2\/comments?post=1499"}],"version-history":[{"count":16,"href":"https:\/\/bohome.ma\/orbis_agri\/en\/wp-json\/wp\/v2\/pages\/1499\/revisions"}],"predecessor-version":[{"id":12383,"href":"https:\/\/bohome.ma\/orbis_agri\/en\/wp-json\/wp\/v2\/pages\/1499\/revisions\/12383"}],"wp:attachment":[{"href":"https:\/\/bohome.ma\/orbis_agri\/en\/wp-json\/wp\/v2\/media?parent=1499"}],"curies":[{"name":"wp","href":"https:\/\/api.w.org\/{rel}","templated":true}]}}