{"id":12043,"date":"2024-07-22T09:36:11","date_gmt":"2024-07-22T07:36:11","guid":{"rendered":"https:\/\/bohome.ma\/orbis_agri\/?page_id=12043"},"modified":"2024-07-31T16:23:53","modified_gmt":"2024-07-31T14:23:53","slug":"production-de-lait","status":"publish","type":"page","link":"https:\/\/bohome.ma\/orbis_agri\/en\/production-de-lait\/","title":{"rendered":"Milk production\u00a0"},"content":{"rendered":"<div data-elementor-type=\"wp-page\" data-elementor-id=\"12043\" class=\"elementor elementor-12043\">\n\t\t\t\t\t\t<section class=\"elementor-section elementor-top-section elementor-element elementor-element-45bd8e1 elementor-section-full_width qodef-elementor-content-grid elementor-section-height-default elementor-section-height-default\" data-id=\"45bd8e1\" data-element_type=\"section\">\n\t\t\t\t\t\t<div class=\"elementor-container elementor-column-gap-default\">\n\t\t\t\t\t<div class=\"elementor-column elementor-col-50 elementor-top-column elementor-element elementor-element-6a36041\" data-id=\"6a36041\" data-element_type=\"column\" data-settings=\"{&quot;background_background&quot;:&quot;classic&quot;}\">\n\t\t\t<div class=\"elementor-widget-wrap elementor-element-populated\">\n\t\t\t\t\t\t<div class=\"elementor-element elementor-element-f04a71b elementor-widget elementor-widget-agraria_core_separator\" data-id=\"f04a71b\" data-element_type=\"widget\" data-widget_type=\"agraria_core_separator.default\">\n\t\t\t\t<div class=\"elementor-widget-container\">\n\t\t\t<div class=\"qodef-shortcode qodef-m  qodef-separator clear qodef-position--center\">\n\t<div class=\"qodef-m-line\" style=\"border-color: #02010100\"><\/div>\n<\/div>\n\t\t<\/div>\n\t\t\t\t<\/div>\n\t\t\t\t\t<\/div>\n\t\t<\/div>\n\t\t\t\t<div class=\"elementor-column elementor-col-50 elementor-top-column elementor-element elementor-element-552a359\" data-id=\"552a359\" data-element_type=\"column\">\n\t\t\t<div class=\"elementor-widget-wrap elementor-element-populated\">\n\t\t\t\t\t\t<div class=\"elementor-element elementor-element-9a0e907 elementor-widget elementor-widget-agraria_core_section_title\" data-id=\"9a0e907\" data-element_type=\"widget\" data-widget_type=\"agraria_core_section_title.default\">\n\t\t\t\t<div class=\"elementor-widget-container\">\n\t\t\t<div class=\"qodef-shortcode qodef-m  qodef-section-title qodef-alignment--left qodef-title-break--disabled\">\n\t\t\t\t<h2 class=\"qodef-m-title\" >\n\t\t\t\t\tMilk production<br \/> Orbis Lait\t\t\t<\/h2>\n\t\t<\/div>\n\t\t<\/div>\n\t\t\t\t<\/div>\n\t\t\t\t<div class=\"elementor-element elementor-element-93b58eb elementor-widget elementor-widget-text-editor\" data-id=\"93b58eb\" data-element_type=\"widget\" data-widget_type=\"text-editor.default\">\n\t\t\t\t<div class=\"elementor-widget-container\">\n\t\t\t<style>\/*! elementor - v3.23.0 - 05-08-2024 *\/\n.elementor-widget-text-editor.elementor-drop-cap-view-stacked .elementor-drop-cap{background-color:#69727d;color:#fff}.elementor-widget-text-editor.elementor-drop-cap-view-framed .elementor-drop-cap{color:#69727d;border:3px solid;background-color:transparent}.elementor-widget-text-editor:not(.elementor-drop-cap-view-default) .elementor-drop-cap{margin-top:8px}.elementor-widget-text-editor:not(.elementor-drop-cap-view-default) .elementor-drop-cap-letter{width:1em;height:1em}.elementor-widget-text-editor .elementor-drop-cap{float:left;text-align:center;line-height:1;font-size:50px}.elementor-widget-text-editor .elementor-drop-cap-letter{display:inline-block}<\/style>\t\t\t\t<p style=\"font-weight: 400;\">The Orbis Group ensures dairy production through a modern farm based in Sidi Kacem, with a production of more than 16 million liters of milk per year and a herd of more than 1,500 dairy cows, mainly made up of two breeds: Holstein and Montb\u00e9liarde. .<\/p>\t\t\t\t\t\t<\/div>\n\t\t\t\t<\/div>\n\t\t\t\t<div class=\"elementor-element elementor-element-2c72b7f elementor-widget elementor-widget-text-editor\" data-id=\"2c72b7f\" data-element_type=\"widget\" data-widget_type=\"text-editor.default\">\n\t\t\t\t<div class=\"elementor-widget-container\">\n\t\t\t\t\t\t\t<p>Committed to respecting quality, safety standards and the environment, the Animal Center provides dairy products of the highest quality, preserving the environment throughout the production process. It uses natural and balanced livestock feed and guarantees healthy living conditions for the animals.<\/p>\t\t\t\t\t\t<\/div>\n\t\t\t\t<\/div>\n\t\t\t\t\t<\/div>\n\t\t<\/div>\n\t\t\t\t\t<\/div>\n\t\t<\/section>\n\t\t\t\t<section class=\"elementor-section elementor-top-section elementor-element elementor-element-76ca766 elementor-section-full_width elementor-section-height-default elementor-section-height-default\" data-id=\"76ca766\" data-element_type=\"section\" data-settings=\"{&quot;background_background&quot;:&quot;classic&quot;}\">\n\t\t\t\t\t\t<div class=\"elementor-container elementor-column-gap-default\">\n\t\t\t\t\t<div class=\"elementor-column elementor-col-100 elementor-top-column elementor-element elementor-element-f061751\" data-id=\"f061751\" data-element_type=\"column\">\n\t\t\t<div class=\"elementor-widget-wrap elementor-element-populated\">\n\t\t\t\t\t\t<div class=\"elementor-element elementor-element-1bec4f3 elementor-widget elementor-widget-agraria_core_text_marquee\" data-id=\"1bec4f3\" data-element_type=\"widget\" data-widget_type=\"agraria_core_text_marquee.default\">\n\t\t\t\t<div class=\"elementor-widget-container\">\n\t\t\t<div class=\"qodef-shortcode qodef-m  qodef-text-marquee qodef-text-marquee-35 qodef-layout--default qodef-direction--left\" >\n\t<div class=\"qodef-m-content\" >\n\t\t<div class=\"qodef-m-content-inner\">\n\t\t\t\t\t\t\t<span class=\"qodef-m-text-1\" style=\"color:#EEE6D3\">\n\t\t\t\t\t\t\t\t\t\tMILK PRODUCTION\t\t\t\t<\/span>\n\t\t\t\t\t\t\t\t\t\t<span class=\"qodef-m-text-2\" style=\"color:#EEE6D3\">\n\t\t\t\t\t\t\t\t\t\tMILK PRODUCTION\t\t\t\t<\/span>\n\t\t\t\t\t\t\t\t<\/div>\n\t<\/div>\n<\/div>\n\t\t<\/div>\n\t\t\t\t<\/div>\n\t\t\t\t\t<\/div>\n\t\t<\/div>\n\t\t\t\t\t<\/div>\n\t\t<\/section>\n\t\t\t\t<section class=\"elementor-section elementor-top-section elementor-element elementor-element-7da48c0 elementor-section-full_width elementor-section-height-min-height elementor-section-height-default elementor-section-items-middle\" data-id=\"7da48c0\" data-element_type=\"section\" data-settings=\"{&quot;background_background&quot;:&quot;classic&quot;}\">\n\t\t\t\t\t\t<div class=\"elementor-container elementor-column-gap-default\">\n\t\t\t\t\t<div class=\"elementor-column elementor-col-100 elementor-top-column elementor-element elementor-element-2e5fb6f\" data-id=\"2e5fb6f\" data-element_type=\"column\" data-settings=\"{&quot;background_background&quot;:&quot;classic&quot;}\">\n\t\t\t<div class=\"elementor-widget-wrap elementor-element-populated\">\n\t\t\t\t\t\t<div class=\"elementor-element elementor-element-88f660b elementor-widget elementor-widget-spacer\" data-id=\"88f660b\" data-element_type=\"widget\" data-widget_type=\"spacer.default\">\n\t\t\t\t<div class=\"elementor-widget-container\">\n\t\t\t<style>\/*! elementor - v3.23.0 - 05-08-2024 *\/\n.elementor-column .elementor-spacer-inner{height:var(--spacer-size)}.e-con{--container-widget-width:100%}.e-con-inner>.elementor-widget-spacer,.e-con>.elementor-widget-spacer{width:var(--container-widget-width,var(--spacer-size));--align-self:var(--container-widget-align-self,initial);--flex-shrink:0}.e-con-inner>.elementor-widget-spacer>.elementor-widget-container,.e-con>.elementor-widget-spacer>.elementor-widget-container{height:100%;width:100%}.e-con-inner>.elementor-widget-spacer>.elementor-widget-container>.elementor-spacer,.e-con>.elementor-widget-spacer>.elementor-widget-container>.elementor-spacer{height:100%}.e-con-inner>.elementor-widget-spacer>.elementor-widget-container>.elementor-spacer>.elementor-spacer-inner,.e-con>.elementor-widget-spacer>.elementor-widget-container>.elementor-spacer>.elementor-spacer-inner{height:var(--container-widget-height,var(--spacer-size))}.e-con-inner>.elementor-widget-spacer.elementor-widget-empty,.e-con>.elementor-widget-spacer.elementor-widget-empty{position:relative;min-height:22px;min-width:22px}.e-con-inner>.elementor-widget-spacer.elementor-widget-empty .elementor-widget-empty-icon,.e-con>.elementor-widget-spacer.elementor-widget-empty .elementor-widget-empty-icon{position:absolute;top:0;bottom:0;left:0;right:0;margin:auto;padding:0;width:22px;height:22px}<\/style>\t\t<div class=\"elementor-spacer\">\n\t\t\t<div class=\"elementor-spacer-inner\"><\/div>\n\t\t<\/div>\n\t\t\t\t<\/div>\n\t\t\t\t<\/div>\n\t\t\t\t<div class=\"elementor-element elementor-element-edaeba2 elementor-widget elementor-widget-qi_addons_for_elementor_section_title\" data-id=\"edaeba2\" data-element_type=\"widget\" data-widget_type=\"qi_addons_for_elementor_section_title.default\">\n\t\t\t\t<div class=\"elementor-widget-container\">\n\t\t\t<div class=\"qodef-shortcode qodef-m  qodef-qi-section-title  qodef-decoration--italic  qodef-link--underline-draw qodef-subtitle-icon--left\">\n\t\t\t\t\t\t<h2 class=\"qodef-m-title\">\n\t\tMILK PRODUCTION\t<\/h2>\n\t\t\t<\/div>\n\t\t<\/div>\n\t\t\t\t<\/div>\n\t\t\t\t\t<\/div>\n\t\t<\/div>\n\t\t\t\t\t<\/div>\n\t\t<\/section>\n\t\t\t\t<section class=\"elementor-section elementor-top-section elementor-element elementor-element-df2145e elementor-section-full_width qodef-elementor-content-grid elementor-section-height-default elementor-section-height-default\" data-id=\"df2145e\" data-element_type=\"section\">\n\t\t\t\t\t\t<div class=\"elementor-container elementor-column-gap-default\">\n\t\t\t\t\t<div class=\"elementor-column elementor-col-50 elementor-top-column elementor-element elementor-element-2e40d9e\" data-id=\"2e40d9e\" data-element_type=\"column\">\n\t\t\t<div class=\"elementor-widget-wrap elementor-element-populated\">\n\t\t\t\t\t\t<div class=\"elementor-element elementor-element-7c5659a elementor-widget elementor-widget-agraria_core_section_title\" data-id=\"7c5659a\" data-element_type=\"widget\" data-widget_type=\"agraria_core_section_title.default\">\n\t\t\t\t<div class=\"elementor-widget-container\">\n\t\t\t<div class=\"qodef-shortcode qodef-m  qodef-section-title qodef-alignment--left qodef-title-break--disabled\">\n\t\t\t\t<h2 class=\"qodef-m-title\" >\n\t\t\t\t\tstation lait<br \/> orbis agro industry\t\t\t<\/h2>\n\t\t<\/div>\n\t\t<\/div>\n\t\t\t\t<\/div>\n\t\t\t\t<div class=\"elementor-element elementor-element-6390e7f elementor-widget elementor-widget-text-editor\" data-id=\"6390e7f\" data-element_type=\"widget\" data-widget_type=\"text-editor.default\">\n\t\t\t\t<div class=\"elementor-widget-container\">\n\t\t\t\t\t\t\t<p>Regarding food safety, the Animal Center implements rigorous measures to prevent contamination and guarantee the traceability of products at each stage of production. It maintains strict hygiene standards at processing and storage facilities, with regular quality checks.<\/p><p>Orbis Lait invests heavily in renewable energies in order to preserve the environment and ensure healthy living conditions for animals. The livestock, for their part, benefit from a natural and balanced diet with continuous veterinary monitoring.<\/p>\t\t\t\t\t\t<\/div>\n\t\t\t\t<\/div>\n\t\t\t\t\t<\/div>\n\t\t<\/div>\n\t\t\t\t<div class=\"elementor-column elementor-col-50 elementor-top-column elementor-element elementor-element-5d7e7a6\" data-id=\"5d7e7a6\" data-element_type=\"column\">\n\t\t\t<div class=\"elementor-widget-wrap elementor-element-populated\">\n\t\t\t\t\t\t<div class=\"elementor-element elementor-element-5e3e937 elementor-widget elementor-widget-image\" data-id=\"5e3e937\" data-element_type=\"widget\" data-widget_type=\"image.default\">\n\t\t\t\t<div class=\"elementor-widget-container\">\n\t\t\t<style>\/*! elementor - v3.23.0 - 05-08-2024 *\/\n.elementor-widget-image{text-align:center}.elementor-widget-image a{display:inline-block}.elementor-widget-image a img[src$=\".svg\"]{width:48px}.elementor-widget-image img{vertical-align:middle;display:inline-block}<\/style>\t\t\t\t\t\t\t\t\t\t<img fetchpriority=\"high\" decoding=\"async\" width=\"618\" height=\"788\" src=\"https:\/\/bohome.ma\/orbis_agri\/wp-content\/uploads\/2024\/07\/orbis-agro-industry-carte-station-lait.png\" class=\"attachment-large size-large wp-image-12284\" alt=\"\" srcset=\"https:\/\/bohome.ma\/orbis_agri\/wp-content\/uploads\/2024\/07\/orbis-agro-industry-carte-station-lait.png 618w, https:\/\/bohome.ma\/orbis_agri\/wp-content\/uploads\/2024\/07\/orbis-agro-industry-carte-station-lait-235x300.png 235w, https:\/\/bohome.ma\/orbis_agri\/wp-content\/uploads\/2024\/07\/orbis-agro-industry-carte-station-lait-9x12.png 9w, https:\/\/bohome.ma\/orbis_agri\/wp-content\/uploads\/2024\/07\/orbis-agro-industry-carte-station-lait-600x765.png 600w\" sizes=\"(max-width: 618px) 100vw, 618px\" \/>\t\t\t\t\t\t\t\t\t\t\t\t\t<\/div>\n\t\t\t\t<\/div>\n\t\t\t\t\t<\/div>\n\t\t<\/div>\n\t\t\t\t\t<\/div>\n\t\t<\/section>\n\t\t\t\t<section class=\"elementor-section elementor-top-section elementor-element elementor-element-b007a59 elementor-section-full_width elementor-section-height-default elementor-section-height-default\" data-id=\"b007a59\" data-element_type=\"section\">\n\t\t\t\t\t\t<div class=\"elementor-container elementor-column-gap-default\">\n\t\t\t\t\t<div class=\"elementor-column elementor-col-100 elementor-top-column elementor-element elementor-element-52a7b58\" data-id=\"52a7b58\" data-element_type=\"column\">\n\t\t\t<div class=\"elementor-widget-wrap elementor-element-populated\">\n\t\t\t\t\t\t<div class=\"elementor-element elementor-element-11e8dfe elementor-widget elementor-widget-agraria_core_image_gallery\" data-id=\"11e8dfe\" data-element_type=\"widget\" data-widget_type=\"agraria_core_image_gallery.default\">\n\t\t\t\t<div class=\"elementor-widget-container\">\n\t\t\t<div class=\"qodef-shortcode qodef-m  qodef-image-gallery qodef-magnific-popup qodef-popup-gallery qodef-grid qodef-layout--columns  qodef-gutter--small qodef-vertical-gutter--small qodef-col-num--4  qodef-responsive--custom qodef-col-num--1440--4 qodef-col-num--1366--4 qodef-col-num--1024--3 qodef-col-num--768--2 qodef-col-num--680--1 qodef-col-num--480--1 qodef-swiper--show-pagination\">\n\t<div class=\"qodef-grid-inner\">\n\t\t<div class=\"qodef-e qodef-image-wrapper qodef-grid-item\">\n\t\t\t<a class=\"qodef-popup-item\" itemprop=\"image\" href=\"https:\/\/bohome.ma\/orbis_agri\/wp-content\/uploads\/2024\/07\/orbis-agro-industry-domaines-9-1.jpg\" data-type=\"image\" title=\"\">\n\t\t\t<img decoding=\"async\" width=\"1100\" height=\"1208\" src=\"https:\/\/bohome.ma\/orbis_agri\/wp-content\/uploads\/2024\/07\/orbis-agro-industry-domaines-9-1.jpg\" class=\"attachment-full size-full\" alt=\"\" srcset=\"https:\/\/bohome.ma\/orbis_agri\/wp-content\/uploads\/2024\/07\/orbis-agro-industry-domaines-9-1.jpg 1100w, https:\/\/bohome.ma\/orbis_agri\/wp-content\/uploads\/2024\/07\/orbis-agro-industry-domaines-9-1-273x300.jpg 273w, https:\/\/bohome.ma\/orbis_agri\/wp-content\/uploads\/2024\/07\/orbis-agro-industry-domaines-9-1-932x1024.jpg 932w, https:\/\/bohome.ma\/orbis_agri\/wp-content\/uploads\/2024\/07\/orbis-agro-industry-domaines-9-1-768x843.jpg 768w, https:\/\/bohome.ma\/orbis_agri\/wp-content\/uploads\/2024\/07\/orbis-agro-industry-domaines-9-1-600x659.jpg 600w\" sizes=\"(max-width: 1100px) 100vw, 1100px\" \/>\t\t\t<\/a>\n\t<\/div>\n<div class=\"qodef-e qodef-image-wrapper qodef-grid-item\">\n\t\t\t<a class=\"qodef-popup-item\" itemprop=\"image\" href=\"https:\/\/bohome.ma\/orbis_agri\/wp-content\/uploads\/2024\/07\/orbis-agro-industry-domaines-11-1.jpg\" data-type=\"image\" title=\"\">\n\t\t\t<img decoding=\"async\" width=\"1100\" height=\"1208\" src=\"https:\/\/bohome.ma\/orbis_agri\/wp-content\/uploads\/2024\/07\/orbis-agro-industry-domaines-11-1.jpg\" class=\"attachment-full size-full\" alt=\"\" srcset=\"https:\/\/bohome.ma\/orbis_agri\/wp-content\/uploads\/2024\/07\/orbis-agro-industry-domaines-11-1.jpg 1100w, https:\/\/bohome.ma\/orbis_agri\/wp-content\/uploads\/2024\/07\/orbis-agro-industry-domaines-11-1-273x300.jpg 273w, https:\/\/bohome.ma\/orbis_agri\/wp-content\/uploads\/2024\/07\/orbis-agro-industry-domaines-11-1-932x1024.jpg 932w, https:\/\/bohome.ma\/orbis_agri\/wp-content\/uploads\/2024\/07\/orbis-agro-industry-domaines-11-1-768x843.jpg 768w, https:\/\/bohome.ma\/orbis_agri\/wp-content\/uploads\/2024\/07\/orbis-agro-industry-domaines-11-1-600x659.jpg 600w\" sizes=\"(max-width: 1100px) 100vw, 1100px\" \/>\t\t\t<\/a>\n\t<\/div>\n<div class=\"qodef-e qodef-image-wrapper qodef-grid-item\">\n\t\t\t<a class=\"qodef-popup-item\" itemprop=\"image\" href=\"https:\/\/bohome.ma\/orbis_agri\/wp-content\/uploads\/2024\/07\/orbis-agro-industry-domaines-10-1.jpg\" data-type=\"image\" title=\"\">\n\t\t\t<img loading=\"lazy\" decoding=\"async\" width=\"1100\" height=\"1208\" src=\"https:\/\/bohome.ma\/orbis_agri\/wp-content\/uploads\/2024\/07\/orbis-agro-industry-domaines-10-1.jpg\" class=\"attachment-full size-full\" alt=\"\" srcset=\"https:\/\/bohome.ma\/orbis_agri\/wp-content\/uploads\/2024\/07\/orbis-agro-industry-domaines-10-1.jpg 1100w, https:\/\/bohome.ma\/orbis_agri\/wp-content\/uploads\/2024\/07\/orbis-agro-industry-domaines-10-1-273x300.jpg 273w, https:\/\/bohome.ma\/orbis_agri\/wp-content\/uploads\/2024\/07\/orbis-agro-industry-domaines-10-1-932x1024.jpg 932w, https:\/\/bohome.ma\/orbis_agri\/wp-content\/uploads\/2024\/07\/orbis-agro-industry-domaines-10-1-768x843.jpg 768w, https:\/\/bohome.ma\/orbis_agri\/wp-content\/uploads\/2024\/07\/orbis-agro-industry-domaines-10-1-600x659.jpg 600w\" sizes=\"(max-width: 1100px) 100vw, 1100px\" \/>\t\t\t<\/a>\n\t<\/div>\n<div class=\"qodef-e qodef-image-wrapper qodef-grid-item\">\n\t\t\t<a class=\"qodef-popup-item\" itemprop=\"image\" href=\"https:\/\/bohome.ma\/orbis_agri\/wp-content\/uploads\/2024\/07\/orbis-agro-industry-domaines-8-1.jpg\" data-type=\"image\" title=\"\">\n\t\t\t<img loading=\"lazy\" decoding=\"async\" width=\"1100\" height=\"1208\" src=\"https:\/\/bohome.ma\/orbis_agri\/wp-content\/uploads\/2024\/07\/orbis-agro-industry-domaines-8-1.jpg\" class=\"attachment-full size-full\" alt=\"\" srcset=\"https:\/\/bohome.ma\/orbis_agri\/wp-content\/uploads\/2024\/07\/orbis-agro-industry-domaines-8-1.jpg 1100w, https:\/\/bohome.ma\/orbis_agri\/wp-content\/uploads\/2024\/07\/orbis-agro-industry-domaines-8-1-273x300.jpg 273w, https:\/\/bohome.ma\/orbis_agri\/wp-content\/uploads\/2024\/07\/orbis-agro-industry-domaines-8-1-932x1024.jpg 932w, https:\/\/bohome.ma\/orbis_agri\/wp-content\/uploads\/2024\/07\/orbis-agro-industry-domaines-8-1-768x843.jpg 768w, https:\/\/bohome.ma\/orbis_agri\/wp-content\/uploads\/2024\/07\/orbis-agro-industry-domaines-8-1-600x659.jpg 600w\" sizes=\"(max-width: 1100px) 100vw, 1100px\" \/>\t\t\t<\/a>\n\t<\/div>\n\t<\/div>\n<\/div>\n\t\t<\/div>\n\t\t\t\t<\/div>\n\t\t\t\t\t<\/div>\n\t\t<\/div>\n\t\t\t\t\t<\/div>\n\t\t<\/section>\n\t\t\t\t<section class=\"elementor-section elementor-top-section elementor-element elementor-element-6ad8e8a elementor-section-full_width qodef-elementor-content-grid elementor-section-height-default elementor-section-height-default\" data-id=\"6ad8e8a\" data-element_type=\"section\">\n\t\t\t\t\t\t<div class=\"elementor-container elementor-column-gap-default\">\n\t\t\t\t\t<div class=\"elementor-column elementor-col-50 elementor-top-column elementor-element elementor-element-d6a6bf3\" data-id=\"d6a6bf3\" data-element_type=\"column\">\n\t\t\t<div class=\"elementor-widget-wrap elementor-element-populated\">\n\t\t\t\t\t\t<div class=\"elementor-element elementor-element-a43f46d elementor-widget elementor-widget-text-editor\" data-id=\"a43f46d\" data-element_type=\"widget\" data-widget_type=\"text-editor.default\">\n\t\t\t\t<div class=\"elementor-widget-container\">\n\t\t\t\t\t\t\t<p>ORBIS Agro Industry<\/p>\t\t\t\t\t\t<\/div>\n\t\t\t\t<\/div>\n\t\t\t\t<div class=\"elementor-element elementor-element-ef17c44 elementor-widget elementor-widget-agraria_core_section_title\" data-id=\"ef17c44\" data-element_type=\"widget\" data-widget_type=\"agraria_core_section_title.default\">\n\t\t\t\t<div class=\"elementor-widget-container\">\n\t\t\t<div class=\"qodef-shortcode qodef-m  qodef-section-title qodef-alignment--left qodef-title-break--disabled\">\n\t\t\t\t<h2 class=\"qodef-m-title\" >\n\t\t\t\t\torbis lait\t\t\t<\/h2>\n\t\t<\/div>\n\t\t<\/div>\n\t\t\t\t<\/div>\n\t\t\t\t\t<\/div>\n\t\t<\/div>\n\t\t\t\t<div class=\"elementor-column elementor-col-50 elementor-top-column elementor-element elementor-element-0eccbb9\" data-id=\"0eccbb9\" data-element_type=\"column\" data-settings=\"{&quot;background_background&quot;:&quot;classic&quot;}\">\n\t\t\t<div class=\"elementor-widget-wrap elementor-element-populated\">\n\t\t\t\t\t\t<div class=\"elementor-element elementor-element-5705c1d elementor-widget__width-initial elementor-widget elementor-widget-video\" data-id=\"5705c1d\" data-element_type=\"widget\" data-settings=\"{&quot;youtube_url&quot;:&quot;https:\\\/\\\/www.youtube.com\\\/watch?v=bly3ln4_5VE&amp;pp=ygUKT1JCSVMgTEFJVA%3D%3D&quot;,&quot;video_type&quot;:&quot;youtube&quot;,&quot;controls&quot;:&quot;yes&quot;}\" data-widget_type=\"video.default\">\n\t\t\t\t<div class=\"elementor-widget-container\">\n\t\t\t<style>\/*! elementor - v3.23.0 - 05-08-2024 *\/\n.elementor-widget-video .elementor-widget-container{overflow:hidden;transform:translateZ(0)}.elementor-widget-video .elementor-wrapper{aspect-ratio:var(--video-aspect-ratio)}.elementor-widget-video .elementor-wrapper iframe,.elementor-widget-video .elementor-wrapper video{height:100%;width:100%;display:flex;border:none;background-color:#000}@supports not (aspect-ratio:1\/1){.elementor-widget-video .elementor-wrapper{position:relative;overflow:hidden;height:0;padding-bottom:calc(100% \/ var(--video-aspect-ratio))}.elementor-widget-video .elementor-wrapper iframe,.elementor-widget-video .elementor-wrapper video{position:absolute;top:0;right:0;bottom:0;left:0}}.elementor-widget-video .elementor-open-inline .elementor-custom-embed-image-overlay{position:absolute;top:0;right:0;bottom:0;left:0;background-size:cover;background-position:50%}.elementor-widget-video .elementor-custom-embed-image-overlay{cursor:pointer;text-align:center}.elementor-widget-video .elementor-custom-embed-image-overlay:hover .elementor-custom-embed-play i{opacity:1}.elementor-widget-video .elementor-custom-embed-image-overlay img{display:block;width:100%;aspect-ratio:var(--video-aspect-ratio);-o-object-fit:cover;object-fit:cover;-o-object-position:center center;object-position:center center}@supports not (aspect-ratio:1\/1){.elementor-widget-video .elementor-custom-embed-image-overlay{position:relative;overflow:hidden;height:0;padding-bottom:calc(100% \/ var(--video-aspect-ratio))}.elementor-widget-video .elementor-custom-embed-image-overlay img{position:absolute;top:0;right:0;bottom:0;left:0}}.elementor-widget-video .e-hosted-video .elementor-video{-o-object-fit:cover;object-fit:cover}.e-con-inner>.elementor-widget-video,.e-con>.elementor-widget-video{width:var(--container-widget-width);--flex-grow:var(--container-widget-flex-grow)}<\/style>\t\t<div class=\"elementor-wrapper elementor-open-inline\">\n\t\t\t<div class=\"elementor-video\"><\/div>\t\t<\/div>\n\t\t\t\t<\/div>\n\t\t\t\t<\/div>\n\t\t\t\t\t<\/div>\n\t\t<\/div>\n\t\t\t\t\t<\/div>\n\t\t<\/section>\n\t\t\t\t<\/div>","protected":false},"excerpt":{"rendered":"<p>Production de lait Orbis Lait Le Groupe Orbis assure la production laiti\u00e8re \u00e0 travers une ferme moderne bas\u00e9e \u00e0 Sidi Kacem, avec une production de plus de 16 millions de litres de lait par an et un cheptel de plus de 1500 vaches laiti\u00e8res, constitu\u00e9 principalement de deux races\u00a0: Holstein et Montb\u00e9liarde. Engag\u00e9 \u00e0 respecter [&hellip;]<\/p>","protected":false},"author":1,"featured_media":0,"parent":0,"menu_order":0,"comment_status":"closed","ping_status":"closed","template":"page-full-width.php","meta":{"om_disable_all_campaigns":false,"_monsterinsights_skip_tracking":false,"_monsterinsights_sitenote_active":false,"_monsterinsights_sitenote_note":"","_monsterinsights_sitenote_category":0,"footnotes":""},"class_list":["post-12043","page","type-page","status-publish","hentry"],"_links":{"self":[{"href":"https:\/\/bohome.ma\/orbis_agri\/en\/wp-json\/wp\/v2\/pages\/12043","targetHints":{"allow":["GET"]}}],"collection":[{"href":"https:\/\/bohome.ma\/orbis_agri\/en\/wp-json\/wp\/v2\/pages"}],"about":[{"href":"https:\/\/bohome.ma\/orbis_agri\/en\/wp-json\/wp\/v2\/types\/page"}],"author":[{"embeddable":true,"href":"https:\/\/bohome.ma\/orbis_agri\/en\/wp-json\/wp\/v2\/users\/1"}],"replies":[{"embeddable":true,"href":"https:\/\/bohome.ma\/orbis_agri\/en\/wp-json\/wp\/v2\/comments?post=12043"}],"version-history":[{"count":13,"href":"https:\/\/bohome.ma\/orbis_agri\/en\/wp-json\/wp\/v2\/pages\/12043\/revisions"}],"predecessor-version":[{"id":12356,"href":"https:\/\/bohome.ma\/orbis_agri\/en\/wp-json\/wp\/v2\/pages\/12043\/revisions\/12356"}],"wp:attachment":[{"href":"https:\/\/bohome.ma\/orbis_agri\/en\/wp-json\/wp\/v2\/media?parent=12043"}],"curies":[{"name":"wp","href":"https:\/\/api.w.org\/{rel}","templated":true}]}}